{"id":1615,"date":"2024-08-07T10:46:45","date_gmt":"2024-08-07T08:46:45","guid":{"rendered":"https:\/\/www.lantluft.com\/?page_id=1615"},"modified":"2026-01-28T20:31:41","modified_gmt":"2026-01-28T19:31:41","slug":"huset","status":"publish","type":"page","link":"https:\/\/www.lantluft.com\/de\/unterkunft\/huset\/","title":{"rendered":"Huset"},"content":{"rendered":"\t\t<div data-elementor-type=\"wp-page\" data-elementor-id=\"1615\" class=\"elementor elementor-1615 elementor-64\" data-elementor-post-type=\"page\">\n\t\t\t\t<div class=\"elementor-element elementor-element-b316280 e-flex e-con-boxed e-con e-parent\" data-id=\"b316280\" data-element_type=\"container\" data-e-type=\"container\">\n\t\t\t\t\t<div class=\"e-con-inner\">\n\t\t\t\t<div class=\"elementor-element elementor-element-2e4d5d3 elementor-widget elementor-widget-image\" data-id=\"2e4d5d3\" data-element_type=\"widget\" data-e-type=\"widget\" data-widget_type=\"image.default\">\n\t\t\t\t<div class=\"elementor-widget-container\">\n\t\t\t\t\t\t\t\t\t\t\t\t\t\t\t<img fetchpriority=\"high\" decoding=\"async\" width=\"1600\" height=\"769\" src=\"https:\/\/www.lantluft.com\/wp-content\/uploads\/2024\/09\/huset_1600.jpg\" class=\"attachment-full size-full wp-image-872\" alt=\"\" srcset=\"https:\/\/www.lantluft.com\/wp-content\/uploads\/2024\/09\/huset_1600.jpg 1600w, https:\/\/www.lantluft.com\/wp-content\/uploads\/2024\/09\/huset_1600-300x144.jpg 300w, https:\/\/www.lantluft.com\/wp-content\/uploads\/2024\/09\/huset_1600-1024x492.jpg 1024w, https:\/\/www.lantluft.com\/wp-content\/uploads\/2024\/09\/huset_1600-768x369.jpg 768w, https:\/\/www.lantluft.com\/wp-content\/uploads\/2024\/09\/huset_1600-1536x738.jpg 1536w\" sizes=\"(max-width: 1600px) 100vw, 1600px\" \/>\t\t\t\t\t\t\t\t\t\t\t\t\t\t\t<\/div>\n\t\t\t\t<\/div>\n\t\t\t\t\t<\/div>\n\t\t\t\t<\/div>\n\t\t<div class=\"elementor-element elementor-element-3e4c9b3 e-flex e-con-boxed e-con e-parent\" data-id=\"3e4c9b3\" data-element_type=\"container\" data-e-type=\"container\">\n\t\t\t\t\t<div class=\"e-con-inner\">\n\t\t<div class=\"elementor-element elementor-element-3d7c758 e-con-full e-flex e-con e-child\" data-id=\"3d7c758\" data-element_type=\"container\" data-e-type=\"container\">\n\t\t\t\t<div class=\"elementor-element elementor-element-e30717d elementor-widget elementor-widget-text-editor\" data-id=\"e30717d\" data-element_type=\"widget\" data-e-type=\"widget\" data-widget_type=\"text-editor.default\">\n\t\t\t\t<div class=\"elementor-widget-container\">\n\t\t\t\t\t\t\t\t\t<h1>Huset<\/h1><p><strong>Das Haus ist ein altes, charmantes Herrenhaus mit freiliegenden Dachbalken und alten T\u00fcren mit schmiedeeisernen Beschl\u00e4gen. 2 Kachel\u00f6fen und 1 Kamin. Niedrige Decken und niedrige T\u00fcrpfosten oder hohe Schwellen. Haupteingang von der Veranda in einen kleinen Saal. Dieser f\u00fchrt in einen kleinen Raum, in dem sich zwei bequeme Sessel befinden.<\/strong><\/p><p>Auf der linken Seite befindet sich der kleinere Konferenzraum mit wei\u00dfen Tischen und Stuhlreihen, Konferenztischen f\u00fcr bis zu 20 Personen. Rechts vom Raum befindet sich ein Wohnzimmer mit einem gro\u00dfen Sofa und Sesseln sowie einem Fernseher. Angrenzend an diesen Raum befindet sich die K\u00fcche. Im Obergeschoss befindet sich eine Toilette mit Dusche und Badewanne. Die Maigl\u00f6ckchenzimmer verf\u00fcgen \u00fcber 2 Betten und das Bl\u00e5sippan \u00fcber 2 Betten.<\/p><h2>\u00a0Das Haus kann genutzt werden f\u00fcr:<\/h2><ul><li>Geburtstag feiern<\/li><li>Hochzeit<\/li><li>Konferenz<\/li><li>Ende\/Start f\u00fcr Kindergruppe, Vorschule, Schulklasse usw<\/li><li>Lager<\/li><\/ul><p>F\u00fcr kleinere Gruppen. Sie w\u00fcrden einen wundervollen Tag in einer l\u00e4ndlichen und entspannten Umgebung verbringen. Drinnen, aber bei sch\u00f6nem Wetter auch drau\u00dfen. Wir passen Ihr Erlebnis individuell an. Wir bereiten Speisen und Kaffee nach Ihren W\u00fcnschen zu.<\/p><p>Tabeller st\u00e4mmer inte \u00e4n<\/p>\t\t\t\t\t\t\t\t<\/div>\n\t\t\t\t<\/div>\n\t\t\t\t<div class=\"elementor-element elementor-element-56a08e4 elementor-widget elementor-widget-shortcode\" data-id=\"56a08e4\" data-element_type=\"widget\" data-e-type=\"widget\" data-widget_type=\"shortcode.default\">\n\t\t\t\t<div class=\"elementor-widget-container\">\n\t\t\t\t\t\t\t<div class=\"elementor-shortcode\"><div class=\"supsystic-table-loader spinner\"style=\"background-color:#000000\"><\/div><div id=\"supsystic-table-32_61697\" class=\"supsystic-tables-wrap \" style=\" width:100%; visibility: hidden; \" data-table-width-fixed=\"100%\" data-table-width-mobile=\"100%\" ><table id=\"supsystic-table-32\" class=\"supsystic-table border lightboxImg cell-border\" data-id=\"32\" data-view-id=\"32_61697\" data-title=\"huset_utrustning_tyska\" data-currency-format=\"$1,000.00\" data-percent-format=\"10.00%\" data-date-format=\"DD.MM.YYYY\" data-time-format=\"HH:mm\" data-features=\"[&quot;after_table_loaded_script&quot;]\" data-search-value=\"\" data-lightbox-img=\"\" data-head-rows-count=\"1\" data-pagination-length=\"50,100,All\" data-auto-index=\"off\" data-searching-settings=\"{&quot;columnSearchPosition&quot;:&quot;bottom&quot;,&quot;minChars&quot;:&quot;0&quot;}\" data-lang=\"default\" data-override=\"{&quot;emptyTable&quot;:&quot;&quot;,&quot;info&quot;:&quot;&quot;,&quot;infoEmpty&quot;:&quot;&quot;,&quot;infoFiltered&quot;:&quot;&quot;,&quot;lengthMenu&quot;:&quot;&quot;,&quot;search&quot;:&quot;&quot;,&quot;previous&quot;:&quot;&quot;,&quot;next&quot;:&quot;&quot;,&quot;zeroRecords&quot;:&quot;&quot;,&quot;exportLabel&quot;:&quot;&quot;,&quot;file&quot;:&quot;default&quot;}\" data-merged=\"[{&quot;row&quot;:0,&quot;col&quot;:0,&quot;rowspan&quot;:1,&quot;colspan&quot;:2,&quot;removed&quot;:false}]\" data-responsive-mode=\"2\" data-from-history=\"0\" ><thead><tr><th class=\"\" style=\"width:; padding: 0 !important;\"><\/th><th class=\"\" style=\"width:; padding: 0 !important;\"><\/th><\/tr><\/thead><tbody><tr style=\"height:px\" ><td data-cell-id=\"A1\" data-x=\"0\" data-y=\"1\" data-db-index=\"1\" class=\"bold color-ffffff bg-009a92\" data-cell-type=\"text\" data-original-value=\"Ausr\u00fcstung\" data-order=\"Ausr\u00fcstung\" style=\"min-width:44.5013%; width:44.5013%;\" data-colspan=\"2\" data-rowspan=\"1\" >Ausr\u00fcstung <\/td><td data-cell-id=\"B1\" data-x=\"1\" data-y=\"1\" data-db-index=\"1\" class=\"bold color-ffffff bg-009a92\" data-cell-type=\"text\" data-original-value=\"\" data-order=\"\" style=\"min-width:55.4987%; width:55.4987%;\" data-hide=\"true\" ><\/td><\/tr><tr style=\"height:px\" ><td data-cell-id=\"A2\" data-x=\"0\" data-y=\"2\" data-db-index=\"2\" class=\"\" data-cell-type=\"text\" data-original-value=\"Konferenzraum\" data-order=\"Konferenzraum\" >Konferenzraum <\/td><td data-cell-id=\"B2\" data-x=\"1\" data-y=\"2\" data-db-index=\"2\" class=\"\" data-cell-type=\"text\" data-original-value=\"Wei\u00dfer Tisch und St\u00fchle. Konferenztisch f\u00fcr bis zu 20 Personen.\" data-order=\"Wei\u00dfer Tisch und St\u00fchle. Konferenztisch f\u00fcr bis zu 20 Personen.\" >Wei\u00dfer Tisch und St\u00fchle. Konferenztisch f\u00fcr bis zu 20 Personen. <\/td><\/tr><tr style=\"height:px\" ><td data-cell-id=\"A3\" data-x=\"0\" data-y=\"3\" data-db-index=\"3\" class=\"\" data-cell-type=\"text\" data-original-value=\"Lounge\" data-order=\"Lounge\" >Lounge <\/td><td data-cell-id=\"B3\" data-x=\"1\" data-y=\"3\" data-db-index=\"3\" class=\"\" data-cell-type=\"text\" data-original-value=\"Sofa, Sessel und Fernseher.\" data-order=\"Sofa, Sessel und Fernseher.\" >Sofa, Sessel und Fernseher. <\/td><\/tr><tr style=\"height:px\" ><td data-cell-id=\"A4\" data-x=\"0\" data-y=\"4\" data-db-index=\"4\" class=\"\" data-cell-type=\"text\" data-original-value=\"K\u00fcche\" data-order=\"K\u00fcche\" >K\u00fcche <\/td><td data-cell-id=\"B4\" data-x=\"1\" data-y=\"4\" data-db-index=\"4\" class=\"\" data-cell-type=\"text\" data-original-value=\"Herd\/Ofen K\u00fchl-\/Gefrierschrank Mikrowelle Kaffeemaschine Wasserkocher Teller, Sch\u00fcsseln, Besteck.\" data-order=\"Herd\/Ofen K\u00fchl-\/Gefrierschrank Mikrowelle Kaffeemaschine Wasserkocher Teller, Sch\u00fcsseln, Besteck.\" >Herd\/Ofen K\u00fchl-\/Gefrierschrank Mikrowelle Kaffeemaschine Wasserkocher Teller, Sch\u00fcsseln, Besteck. <\/td><\/tr><tr style=\"height:px\" ><td data-cell-id=\"A5\" data-x=\"0\" data-y=\"5\" data-db-index=\"5\" class=\"\" data-cell-type=\"text\" data-original-value=\"Toilette mit Dusche und Badewanne\" data-order=\"Toilette mit Dusche und Badewanne\" >Toilette mit Dusche und Badewanne <\/td><td data-cell-id=\"B5\" data-x=\"1\" data-y=\"5\" data-db-index=\"5\" class=\"\" data-cell-type=\"text\" data-original-value=\"Bettw\u00e4sche und Handt\u00fccher sind im Preis inbegriffen. Bei der Unterkunft handelt es sich um eine Selbstversorgerunterkunft, eine Endreinigung und ein Fr\u00fchst\u00fcckskorb k\u00f6nnen jedoch erworben werden.\" data-order=\"Bettw\u00e4sche und Handt\u00fccher sind im Preis inbegriffen. Bei der Unterkunft handelt es sich um eine Selbstversorgerunterkunft, eine Endreinigung und ein Fr\u00fchst\u00fcckskorb k\u00f6nnen jedoch erworben werden.\" >Bettw\u00e4sche und Handt\u00fccher sind im Preis inbegriffen. Bei der Unterkunft handelt es sich um eine Selbstversorgerunterkunft, eine Endreinigung und ein Fr\u00fchst\u00fcckskorb k\u00f6nnen jedoch erworben werden. <\/td><\/tr><tr style=\"height:px\" ><td data-cell-id=\"A6\" data-x=\"0\" data-y=\"6\" data-db-index=\"6\" class=\"\" data-cell-type=\"text\" data-original-value=\"W\u00e4scherei\" data-order=\"W\u00e4scherei\" >W\u00e4scherei <\/td><td data-cell-id=\"B6\" data-x=\"1\" data-y=\"6\" data-db-index=\"6\" class=\"\" data-cell-type=\"text\" data-original-value=\"Gemeinsamer Waschraum f\u00fcr unsere G\u00e4ste mit Waschmaschine, Trockner, B\u00fcgeleisen und B\u00fcgelbrett. Windtrockner im Freien.\" data-order=\"Gemeinsamer Waschraum f\u00fcr unsere G\u00e4ste mit Waschmaschine, Trockner, B\u00fcgeleisen und B\u00fcgelbrett. Windtrockner im Freien.\" >Gemeinsamer Waschraum f\u00fcr unsere G\u00e4ste mit Waschmaschine, Trockner, B\u00fcgeleisen und B\u00fcgelbrett. Windtrockner im Freien. <\/td><\/tr><\/tbody><\/table><!-- \/#supsystic-table-32.supsystic-table --><\/div><!-- \/.supsystic-tables-wrap --><!-- Tables Generator by Supsystic --><!-- Version:1.11.0 --><!-- http:\/\/supsystic.com\/ --><a title=\"Table Plugin\" style=\"display:none;\" href=\"https:\/\/supsystic.com\/plugins\/wordpress-data-table-plugin\/?utm_medium=love_link\" target=\"_blank\">Table Plugin<\/a><\/div>\n\t\t\t\t\t\t<\/div>\n\t\t\t\t<\/div>\n\t\t\t\t<div class=\"elementor-element elementor-element-4264149 elementor-widget elementor-widget-gallery\" data-id=\"4264149\" data-element_type=\"widget\" data-e-type=\"widget\" data-settings=\"{&quot;columns_tablet&quot;:3,&quot;columns_mobile&quot;:3,&quot;lazyload&quot;:&quot;yes&quot;,&quot;gallery_layout&quot;:&quot;grid&quot;,&quot;columns&quot;:4,&quot;gap&quot;:{&quot;unit&quot;:&quot;px&quot;,&quot;size&quot;:10,&quot;sizes&quot;:[]},&quot;gap_tablet&quot;:{&quot;unit&quot;:&quot;px&quot;,&quot;size&quot;:10,&quot;sizes&quot;:[]},&quot;gap_mobile&quot;:{&quot;unit&quot;:&quot;px&quot;,&quot;size&quot;:10,&quot;sizes&quot;:[]},&quot;link_to&quot;:&quot;file&quot;,&quot;aspect_ratio&quot;:&quot;3:2&quot;,&quot;overlay_background&quot;:&quot;yes&quot;,&quot;content_hover_animation&quot;:&quot;fade-in&quot;}\" data-widget_type=\"gallery.default\">\n\t\t\t\t<div class=\"elementor-widget-container\">\n\t\t\t\t\t\t\t<div class=\"elementor-gallery__container\">\n\t\t\t\t\t\t\t<a class=\"e-gallery-item elementor-gallery-item elementor-animated-content\" href=\"https:\/\/www.lantluft.com\/wp-content\/uploads\/2024\/09\/blasippan_01.jpg\" data-elementor-open-lightbox=\"yes\" data-elementor-lightbox-slideshow=\"4264149\" data-e-action-hash=\"#elementor-action%3Aaction%3Dlightbox%26settings%3DeyJpZCI6MTE4NCwidXJsIjoiaHR0cHM6XC9cL3d3dy5sYW50bHVmdC5jb21cL3dwLWNvbnRlbnRcL3VwbG9hZHNcLzIwMjRcLzA5XC9ibGFzaXBwYW5fMDEuanBnIiwic2xpZGVzaG93IjoiNDI2NDE0OSJ9\">\n\t\t\t\t\t<div class=\"e-gallery-image elementor-gallery-item__image\" data-thumbnail=\"https:\/\/www.lantluft.com\/wp-content\/uploads\/2024\/09\/blasippan_01-768x1024.jpg\" data-width=\"768\" data-height=\"1024\" aria-label=\"\" role=\"img\" ><\/div>\n\t\t\t\t\t\t\t\t\t\t\t<div class=\"elementor-gallery-item__overlay\"><\/div>\n\t\t\t\t\t\t\t\t\t\t\t\t\t\t<\/a>\n\t\t\t\t\t\t\t<a class=\"e-gallery-item elementor-gallery-item elementor-animated-content\" href=\"https:\/\/www.lantluft.com\/wp-content\/uploads\/2024\/09\/blasippan_02.jpg\" data-elementor-open-lightbox=\"yes\" data-elementor-lightbox-slideshow=\"4264149\" data-e-action-hash=\"#elementor-action%3Aaction%3Dlightbox%26settings%3DeyJpZCI6MTE4NywidXJsIjoiaHR0cHM6XC9cL3d3dy5sYW50bHVmdC5jb21cL3dwLWNvbnRlbnRcL3VwbG9hZHNcLzIwMjRcLzA5XC9ibGFzaXBwYW5fMDIuanBnIiwic2xpZGVzaG93IjoiNDI2NDE0OSJ9\">\n\t\t\t\t\t<div class=\"e-gallery-image elementor-gallery-item__image\" data-thumbnail=\"https:\/\/www.lantluft.com\/wp-content\/uploads\/2024\/09\/blasippan_02-768x1024.jpg\" data-width=\"768\" data-height=\"1024\" aria-label=\"\" role=\"img\" ><\/div>\n\t\t\t\t\t\t\t\t\t\t\t<div class=\"elementor-gallery-item__overlay\"><\/div>\n\t\t\t\t\t\t\t\t\t\t\t\t\t\t<\/a>\n\t\t\t\t\t\t\t<a class=\"e-gallery-item elementor-gallery-item elementor-animated-content\" href=\"https:\/\/www.lantluft.com\/wp-content\/uploads\/2024\/09\/liljekonvalj_02.jpg\" data-elementor-open-lightbox=\"yes\" data-elementor-lightbox-slideshow=\"4264149\" data-e-action-hash=\"#elementor-action%3Aaction%3Dlightbox%26settings%3DeyJpZCI6MTE3MiwidXJsIjoiaHR0cHM6XC9cL3d3dy5sYW50bHVmdC5jb21cL3dwLWNvbnRlbnRcL3VwbG9hZHNcLzIwMjRcLzA5XC9saWxqZWtvbnZhbGpfMDIuanBnIiwic2xpZGVzaG93IjoiNDI2NDE0OSJ9\">\n\t\t\t\t\t<div class=\"e-gallery-image elementor-gallery-item__image\" data-thumbnail=\"https:\/\/www.lantluft.com\/wp-content\/uploads\/2024\/09\/liljekonvalj_02-768x1024.jpg\" data-width=\"768\" data-height=\"1024\" aria-label=\"\" role=\"img\" ><\/div>\n\t\t\t\t\t\t\t\t\t\t\t<div class=\"elementor-gallery-item__overlay\"><\/div>\n\t\t\t\t\t\t\t\t\t\t\t\t\t\t<\/a>\n\t\t\t\t\t\t\t<a class=\"e-gallery-item elementor-gallery-item elementor-animated-content\" href=\"https:\/\/www.lantluft.com\/wp-content\/uploads\/2024\/09\/liljekonvalj_01.jpg\" data-elementor-open-lightbox=\"yes\" data-elementor-lightbox-slideshow=\"4264149\" data-e-action-hash=\"#elementor-action%3Aaction%3Dlightbox%26settings%3DeyJpZCI6MTE2OSwidXJsIjoiaHR0cHM6XC9cL3d3dy5sYW50bHVmdC5jb21cL3dwLWNvbnRlbnRcL3VwbG9hZHNcLzIwMjRcLzA5XC9saWxqZWtvbnZhbGpfMDEuanBnIiwic2xpZGVzaG93IjoiNDI2NDE0OSJ9\">\n\t\t\t\t\t<div class=\"e-gallery-image elementor-gallery-item__image\" data-thumbnail=\"https:\/\/www.lantluft.com\/wp-content\/uploads\/2024\/09\/liljekonvalj_01-768x1024.jpg\" data-width=\"768\" data-height=\"1024\" aria-label=\"\" role=\"img\" ><\/div>\n\t\t\t\t\t\t\t\t\t\t\t<div class=\"elementor-gallery-item__overlay\"><\/div>\n\t\t\t\t\t\t\t\t\t\t\t\t\t\t<\/a>\n\t\t\t\t\t\t\t<a class=\"e-gallery-item elementor-gallery-item elementor-animated-content\" href=\"https:\/\/www.lantluft.com\/wp-content\/uploads\/2024\/09\/liljekonvalj_05.jpg\" data-elementor-open-lightbox=\"yes\" data-elementor-lightbox-slideshow=\"4264149\" data-e-action-hash=\"#elementor-action%3Aaction%3Dlightbox%26settings%3DeyJpZCI6MTE2NiwidXJsIjoiaHR0cHM6XC9cL3d3dy5sYW50bHVmdC5jb21cL3dwLWNvbnRlbnRcL3VwbG9hZHNcLzIwMjRcLzA5XC9saWxqZWtvbnZhbGpfMDUuanBnIiwic2xpZGVzaG93IjoiNDI2NDE0OSJ9\">\n\t\t\t\t\t<div class=\"e-gallery-image elementor-gallery-item__image\" data-thumbnail=\"https:\/\/www.lantluft.com\/wp-content\/uploads\/2024\/09\/liljekonvalj_05-768x1024.jpg\" data-width=\"768\" data-height=\"1024\" aria-label=\"\" role=\"img\" ><\/div>\n\t\t\t\t\t\t\t\t\t\t\t<div class=\"elementor-gallery-item__overlay\"><\/div>\n\t\t\t\t\t\t\t\t\t\t\t\t\t\t<\/a>\n\t\t\t\t\t\t\t<a class=\"e-gallery-item elementor-gallery-item elementor-animated-content\" href=\"https:\/\/www.lantluft.com\/wp-content\/uploads\/2024\/09\/liljekonvalj_04.jpg\" data-elementor-open-lightbox=\"yes\" data-elementor-lightbox-slideshow=\"4264149\" data-e-action-hash=\"#elementor-action%3Aaction%3Dlightbox%26settings%3DeyJpZCI6MTE2MywidXJsIjoiaHR0cHM6XC9cL3d3dy5sYW50bHVmdC5jb21cL3dwLWNvbnRlbnRcL3VwbG9hZHNcLzIwMjRcLzA5XC9saWxqZWtvbnZhbGpfMDQuanBnIiwic2xpZGVzaG93IjoiNDI2NDE0OSJ9\">\n\t\t\t\t\t<div class=\"e-gallery-image elementor-gallery-item__image\" data-thumbnail=\"https:\/\/www.lantluft.com\/wp-content\/uploads\/2024\/09\/liljekonvalj_04-768x1024.jpg\" data-width=\"768\" data-height=\"1024\" aria-label=\"\" role=\"img\" ><\/div>\n\t\t\t\t\t\t\t\t\t\t\t<div class=\"elementor-gallery-item__overlay\"><\/div>\n\t\t\t\t\t\t\t\t\t\t\t\t\t\t<\/a>\n\t\t\t\t\t\t\t<a class=\"e-gallery-item elementor-gallery-item elementor-animated-content\" href=\"https:\/\/www.lantluft.com\/wp-content\/uploads\/2024\/09\/Huset-hall-uppe.jpg\" data-elementor-open-lightbox=\"yes\" data-elementor-lightbox-slideshow=\"4264149\" data-e-action-hash=\"#elementor-action%3Aaction%3Dlightbox%26settings%3DeyJpZCI6MTIwMCwidXJsIjoiaHR0cHM6XC9cL3d3dy5sYW50bHVmdC5jb21cL3dwLWNvbnRlbnRcL3VwbG9hZHNcLzIwMjRcLzA5XC9IdXNldC1oYWxsLXVwcGUuanBnIiwic2xpZGVzaG93IjoiNDI2NDE0OSJ9\">\n\t\t\t\t\t<div class=\"e-gallery-image elementor-gallery-item__image\" data-thumbnail=\"https:\/\/www.lantluft.com\/wp-content\/uploads\/2024\/09\/Huset-hall-uppe-768x1024.jpg\" data-width=\"768\" data-height=\"1024\" aria-label=\"\" role=\"img\" ><\/div>\n\t\t\t\t\t\t\t\t\t\t\t<div class=\"elementor-gallery-item__overlay\"><\/div>\n\t\t\t\t\t\t\t\t\t\t\t\t\t\t<\/a>\n\t\t\t\t\t\t\t<a class=\"e-gallery-item elementor-gallery-item elementor-animated-content\" href=\"https:\/\/www.lantluft.com\/wp-content\/uploads\/2024\/09\/huset_nere_05.jpg\" data-elementor-open-lightbox=\"yes\" data-elementor-lightbox-slideshow=\"4264149\" data-e-action-hash=\"#elementor-action%3Aaction%3Dlightbox%26settings%3DeyJpZCI6MTIwMywidXJsIjoiaHR0cHM6XC9cL3d3dy5sYW50bHVmdC5jb21cL3dwLWNvbnRlbnRcL3VwbG9hZHNcLzIwMjRcLzA5XC9odXNldF9uZXJlXzA1LmpwZyIsInNsaWRlc2hvdyI6IjQyNjQxNDkifQ%3D%3D\">\n\t\t\t\t\t<div class=\"e-gallery-image elementor-gallery-item__image\" data-thumbnail=\"https:\/\/www.lantluft.com\/wp-content\/uploads\/2024\/09\/huset_nere_05-768x1024.jpg\" data-width=\"768\" data-height=\"1024\" aria-label=\"\" role=\"img\" ><\/div>\n\t\t\t\t\t\t\t\t\t\t\t<div class=\"elementor-gallery-item__overlay\"><\/div>\n\t\t\t\t\t\t\t\t\t\t\t\t\t\t<\/a>\n\t\t\t\t\t\t\t<a class=\"e-gallery-item elementor-gallery-item elementor-animated-content\" href=\"https:\/\/www.lantluft.com\/wp-content\/uploads\/2024\/09\/huset_nere_01.jpg\" data-elementor-open-lightbox=\"yes\" data-elementor-lightbox-slideshow=\"4264149\" data-e-action-hash=\"#elementor-action%3Aaction%3Dlightbox%26settings%3DeyJpZCI6MTIwNiwidXJsIjoiaHR0cHM6XC9cL3d3dy5sYW50bHVmdC5jb21cL3dwLWNvbnRlbnRcL3VwbG9hZHNcLzIwMjRcLzA5XC9odXNldF9uZXJlXzAxLmpwZyIsInNsaWRlc2hvdyI6IjQyNjQxNDkifQ%3D%3D\">\n\t\t\t\t\t<div class=\"e-gallery-image elementor-gallery-item__image\" data-thumbnail=\"https:\/\/www.lantluft.com\/wp-content\/uploads\/2024\/09\/huset_nere_01-768x1024.jpg\" data-width=\"768\" data-height=\"1024\" aria-label=\"\" role=\"img\" ><\/div>\n\t\t\t\t\t\t\t\t\t\t\t<div class=\"elementor-gallery-item__overlay\"><\/div>\n\t\t\t\t\t\t\t\t\t\t\t\t\t\t<\/a>\n\t\t\t\t\t\t\t<a class=\"e-gallery-item elementor-gallery-item elementor-animated-content\" href=\"https:\/\/www.lantluft.com\/wp-content\/uploads\/2024\/09\/huset_nere_02-1.jpg\" data-elementor-open-lightbox=\"yes\" data-elementor-lightbox-slideshow=\"4264149\" data-e-action-hash=\"#elementor-action%3Aaction%3Dlightbox%26settings%3DeyJpZCI6MTIwOSwidXJsIjoiaHR0cHM6XC9cL3d3dy5sYW50bHVmdC5jb21cL3dwLWNvbnRlbnRcL3VwbG9hZHNcLzIwMjRcLzA5XC9odXNldF9uZXJlXzAyLTEuanBnIiwic2xpZGVzaG93IjoiNDI2NDE0OSJ9\">\n\t\t\t\t\t<div class=\"e-gallery-image elementor-gallery-item__image\" data-thumbnail=\"https:\/\/www.lantluft.com\/wp-content\/uploads\/2024\/09\/huset_nere_02-1-768x1024.jpg\" data-width=\"768\" data-height=\"1024\" aria-label=\"\" role=\"img\" ><\/div>\n\t\t\t\t\t\t\t\t\t\t\t<div class=\"elementor-gallery-item__overlay\"><\/div>\n\t\t\t\t\t\t\t\t\t\t\t\t\t\t<\/a>\n\t\t\t\t\t\t\t<a class=\"e-gallery-item elementor-gallery-item elementor-animated-content\" href=\"https:\/\/www.lantluft.com\/wp-content\/uploads\/2024\/09\/huset_nere_03-1.jpg\" data-elementor-open-lightbox=\"yes\" data-elementor-lightbox-slideshow=\"4264149\" data-e-action-hash=\"#elementor-action%3Aaction%3Dlightbox%26settings%3DeyJpZCI6MTIxMiwidXJsIjoiaHR0cHM6XC9cL3d3dy5sYW50bHVmdC5jb21cL3dwLWNvbnRlbnRcL3VwbG9hZHNcLzIwMjRcLzA5XC9odXNldF9uZXJlXzAzLTEuanBnIiwic2xpZGVzaG93IjoiNDI2NDE0OSJ9\">\n\t\t\t\t\t<div class=\"e-gallery-image elementor-gallery-item__image\" data-thumbnail=\"https:\/\/www.lantluft.com\/wp-content\/uploads\/2024\/09\/huset_nere_03-1-768x1024.jpg\" data-width=\"768\" data-height=\"1024\" aria-label=\"\" role=\"img\" ><\/div>\n\t\t\t\t\t\t\t\t\t\t\t<div class=\"elementor-gallery-item__overlay\"><\/div>\n\t\t\t\t\t\t\t\t\t\t\t\t\t\t<\/a>\n\t\t\t\t\t\t\t<a class=\"e-gallery-item elementor-gallery-item elementor-animated-content\" href=\"https:\/\/www.lantluft.com\/wp-content\/uploads\/2024\/09\/huset_nere_04.jpg\" data-elementor-open-lightbox=\"yes\" data-elementor-lightbox-slideshow=\"4264149\" data-e-action-hash=\"#elementor-action%3Aaction%3Dlightbox%26settings%3DeyJpZCI6MTIxNSwidXJsIjoiaHR0cHM6XC9cL3d3dy5sYW50bHVmdC5jb21cL3dwLWNvbnRlbnRcL3VwbG9hZHNcLzIwMjRcLzA5XC9odXNldF9uZXJlXzA0LmpwZyIsInNsaWRlc2hvdyI6IjQyNjQxNDkifQ%3D%3D\">\n\t\t\t\t\t<div class=\"e-gallery-image elementor-gallery-item__image\" data-thumbnail=\"https:\/\/www.lantluft.com\/wp-content\/uploads\/2024\/09\/huset_nere_04-768x1024.jpg\" data-width=\"768\" data-height=\"1024\" aria-label=\"\" role=\"img\" ><\/div>\n\t\t\t\t\t\t\t\t\t\t\t<div class=\"elementor-gallery-item__overlay\"><\/div>\n\t\t\t\t\t\t\t\t\t\t\t\t\t\t<\/a>\n\t\t\t\t\t\t\t<a class=\"e-gallery-item elementor-gallery-item elementor-animated-content\" href=\"https:\/\/www.lantluft.com\/wp-content\/uploads\/2024\/09\/huset_toa_uppe_01.jpg\" data-elementor-open-lightbox=\"yes\" data-elementor-lightbox-slideshow=\"4264149\" data-e-action-hash=\"#elementor-action%3Aaction%3Dlightbox%26settings%3DeyJpZCI6MTIxOCwidXJsIjoiaHR0cHM6XC9cL3d3dy5sYW50bHVmdC5jb21cL3dwLWNvbnRlbnRcL3VwbG9hZHNcLzIwMjRcLzA5XC9odXNldF90b2FfdXBwZV8wMS5qcGciLCJzbGlkZXNob3ciOiI0MjY0MTQ5In0%3D\">\n\t\t\t\t\t<div class=\"e-gallery-image elementor-gallery-item__image\" data-thumbnail=\"https:\/\/www.lantluft.com\/wp-content\/uploads\/2024\/09\/huset_toa_uppe_01-768x1024.jpg\" data-width=\"768\" data-height=\"1024\" aria-label=\"\" role=\"img\" ><\/div>\n\t\t\t\t\t\t\t\t\t\t\t<div class=\"elementor-gallery-item__overlay\"><\/div>\n\t\t\t\t\t\t\t\t\t\t\t\t\t\t<\/a>\n\t\t\t\t\t\t\t<a class=\"e-gallery-item elementor-gallery-item elementor-animated-content\" href=\"https:\/\/www.lantluft.com\/wp-content\/uploads\/2024\/09\/huset_toa_uppe_02.jpg\" data-elementor-open-lightbox=\"yes\" data-elementor-lightbox-slideshow=\"4264149\" data-e-action-hash=\"#elementor-action%3Aaction%3Dlightbox%26settings%3DeyJpZCI6MTIyMSwidXJsIjoiaHR0cHM6XC9cL3d3dy5sYW50bHVmdC5jb21cL3dwLWNvbnRlbnRcL3VwbG9hZHNcLzIwMjRcLzA5XC9odXNldF90b2FfdXBwZV8wMi5qcGciLCJzbGlkZXNob3ciOiI0MjY0MTQ5In0%3D\">\n\t\t\t\t\t<div class=\"e-gallery-image elementor-gallery-item__image\" data-thumbnail=\"https:\/\/www.lantluft.com\/wp-content\/uploads\/2024\/09\/huset_toa_uppe_02-768x1024.jpg\" data-width=\"768\" data-height=\"1024\" aria-label=\"\" role=\"img\" ><\/div>\n\t\t\t\t\t\t\t\t\t\t\t<div class=\"elementor-gallery-item__overlay\"><\/div>\n\t\t\t\t\t\t\t\t\t\t\t\t\t\t<\/a>\n\t\t\t\t\t\t\t<a class=\"e-gallery-item elementor-gallery-item elementor-animated-content\" href=\"https:\/\/www.lantluft.com\/wp-content\/uploads\/2024\/09\/huset_toa_uppe_03.jpg\" data-elementor-open-lightbox=\"yes\" data-elementor-lightbox-slideshow=\"4264149\" data-e-action-hash=\"#elementor-action%3Aaction%3Dlightbox%26settings%3DeyJpZCI6MTIyNCwidXJsIjoiaHR0cHM6XC9cL3d3dy5sYW50bHVmdC5jb21cL3dwLWNvbnRlbnRcL3VwbG9hZHNcLzIwMjRcLzA5XC9odXNldF90b2FfdXBwZV8wMy5qcGciLCJzbGlkZXNob3ciOiI0MjY0MTQ5In0%3D\">\n\t\t\t\t\t<div class=\"e-gallery-image elementor-gallery-item__image\" data-thumbnail=\"https:\/\/www.lantluft.com\/wp-content\/uploads\/2024\/09\/huset_toa_uppe_03-768x1024.jpg\" data-width=\"768\" data-height=\"1024\" aria-label=\"\" role=\"img\" ><\/div>\n\t\t\t\t\t\t\t\t\t\t\t<div class=\"elementor-gallery-item__overlay\"><\/div>\n\t\t\t\t\t\t\t\t\t\t\t\t\t\t<\/a>\n\t\t\t\t\t<\/div>\n\t\t\t\t\t<\/div>\n\t\t\t\t<\/div>\n\t\t\t\t<\/div>\n\t\t<div class=\"elementor-element elementor-element-0d0365c e-con-full e-flex e-con e-child\" data-id=\"0d0365c\" data-element_type=\"container\" data-e-type=\"container\" data-settings=\"{&quot;background_background&quot;:&quot;classic&quot;}\">\n\t\t\t\t<div class=\"elementor-element elementor-element-94c2eeb elementor-widget elementor-widget-text-editor\" data-id=\"94c2eeb\" data-element_type=\"widget\" data-e-type=\"widget\" data-widget_type=\"text-editor.default\">\n\t\t\t\t<div class=\"elementor-widget-container\">\n\t\t\t\t\t\t\t\t\t<h2>Aktuelle Preise f\u00fcr 2026!<\/h2><p>Kontaktieren Sie uns f\u00fcr Preisinformationen f\u00fcr die Miete des Hauses oder eines der zum Haus geh\u00f6renden Zimmer.<\/p>\t\t\t\t\t\t\t\t<\/div>\n\t\t\t\t<\/div>\n\t\t\t\t<\/div>\n\t\t\t\t\t<\/div>\n\t\t\t\t<\/div>\n\t\t\t\t<\/div>\n\t\t","protected":false},"excerpt":{"rendered":"<p>Huset Das Haus ist ein altes, charmantes Herrenhaus mit freiliegenden Dachbalken und alten T\u00fcren mit schmiedeeisernen Beschl\u00e4gen. 2 Kachel\u00f6fen und 1 Kamin. Niedrige Decken und niedrige T\u00fcrpfosten oder hohe Schwellen. [&hellip;]<\/p>\n","protected":false},"author":1,"featured_media":0,"parent":460,"menu_order":0,"comment_status":"closed","ping_status":"closed","template":"","meta":{"_acf_changed":false,"footnotes":""},"class_list":["post-1615","page","type-page","status-publish","hentry"],"acf":[],"_links":{"self":[{"href":"https:\/\/www.lantluft.com\/de\/wp-json\/wp\/v2\/pages\/1615","targetHints":{"allow":["GET"]}}],"collection":[{"href":"https:\/\/www.lantluft.com\/de\/wp-json\/wp\/v2\/pages"}],"about":[{"href":"https:\/\/www.lantluft.com\/de\/wp-json\/wp\/v2\/types\/page"}],"author":[{"embeddable":true,"href":"https:\/\/www.lantluft.com\/de\/wp-json\/wp\/v2\/users\/1"}],"replies":[{"embeddable":true,"href":"https:\/\/www.lantluft.com\/de\/wp-json\/wp\/v2\/comments?post=1615"}],"version-history":[{"count":16,"href":"https:\/\/www.lantluft.com\/de\/wp-json\/wp\/v2\/pages\/1615\/revisions"}],"predecessor-version":[{"id":2457,"href":"https:\/\/www.lantluft.com\/de\/wp-json\/wp\/v2\/pages\/1615\/revisions\/2457"}],"up":[{"embeddable":true,"href":"https:\/\/www.lantluft.com\/de\/wp-json\/wp\/v2\/pages\/460"}],"wp:attachment":[{"href":"https:\/\/www.lantluft.com\/de\/wp-json\/wp\/v2\/media?parent=1615"}],"curies":[{"name":"wp","href":"https:\/\/api.w.org\/{rel}","templated":true}]}}