{"id":1623,"date":"2024-08-07T10:46:29","date_gmt":"2024-08-07T08:46:29","guid":{"rendered":"https:\/\/www.lantluft.com\/?page_id=1623"},"modified":"2025-01-07T13:41:39","modified_gmt":"2025-01-07T12:41:39","slug":"magasinet-eken","status":"publish","type":"page","link":"https:\/\/www.lantluft.com\/de\/unterkunft\/magasinet-eken\/","title":{"rendered":"Magasinet Eken"},"content":{"rendered":"\t\t<div data-elementor-type=\"wp-page\" data-elementor-id=\"1623\" class=\"elementor elementor-1623 elementor-62\" data-elementor-post-type=\"page\">\n\t\t\t\t<div class=\"elementor-element elementor-element-fd23269 e-flex e-con-boxed e-con e-parent\" data-id=\"fd23269\" data-element_type=\"container\" data-e-type=\"container\">\n\t\t\t\t\t<div class=\"e-con-inner\">\n\t\t\t\t<div class=\"elementor-element elementor-element-0b648cb elementor-widget elementor-widget-image\" data-id=\"0b648cb\" data-element_type=\"widget\" data-e-type=\"widget\" data-widget_type=\"image.default\">\n\t\t\t\t<div class=\"elementor-widget-container\">\n\t\t\t\t\t\t\t\t\t\t\t\t\t\t\t<img fetchpriority=\"high\" decoding=\"async\" width=\"1600\" height=\"769\" src=\"https:\/\/www.lantluft.com\/wp-content\/uploads\/2024\/09\/magasin_eken_1600.jpg\" class=\"attachment-full size-full wp-image-863\" alt=\"\" srcset=\"https:\/\/www.lantluft.com\/wp-content\/uploads\/2024\/09\/magasin_eken_1600.jpg 1600w, https:\/\/www.lantluft.com\/wp-content\/uploads\/2024\/09\/magasin_eken_1600-300x144.jpg 300w, https:\/\/www.lantluft.com\/wp-content\/uploads\/2024\/09\/magasin_eken_1600-1024x492.jpg 1024w, https:\/\/www.lantluft.com\/wp-content\/uploads\/2024\/09\/magasin_eken_1600-768x369.jpg 768w, https:\/\/www.lantluft.com\/wp-content\/uploads\/2024\/09\/magasin_eken_1600-1536x738.jpg 1536w\" sizes=\"(max-width: 1600px) 100vw, 1600px\" \/>\t\t\t\t\t\t\t\t\t\t\t\t\t\t\t<\/div>\n\t\t\t\t<\/div>\n\t\t\t\t\t<\/div>\n\t\t\t\t<\/div>\n\t\t<div class=\"elementor-element elementor-element-2552c49 e-flex e-con-boxed e-con e-parent\" data-id=\"2552c49\" data-element_type=\"container\" data-e-type=\"container\">\n\t\t\t\t\t<div class=\"e-con-inner\">\n\t\t<div class=\"elementor-element elementor-element-c995553 e-con-full e-flex e-con e-child\" data-id=\"c995553\" data-element_type=\"container\" data-e-type=\"container\">\n\t\t\t\t<div class=\"elementor-element elementor-element-dc6f284 elementor-widget elementor-widget-text-editor\" data-id=\"dc6f284\" data-element_type=\"widget\" data-e-type=\"widget\" data-widget_type=\"text-editor.default\">\n\t\t\t\t<div class=\"elementor-widget-container\">\n\t\t\t\t\t\t\t\t\t<h1>Magasinet Eken<\/h1><p><strong>Ist der alte Getreidespeicher, der eine Renovierung brauchte und zu einer sehr komfortablen Unterkunft wurde. Liegt auf dem Bauernhof, nur einen Steinwurf von Lantluft entfernt. Sie betreten den kleinen Flur und gelangen direkt in die moderne K\u00fcche und das Familienzimmer aus Kastanienholz, wo ein Esstisch und ein Sessel zum Zur\u00fccklehnen stehen.<\/strong><\/p><p>Die K\u00fcche ist komplett ausgestattet mit K\u00fchl-\/Gefrierschrank, Geschirrsp\u00fcler, Mikrowelle, Herd\/Ofen und Dunstabzugshaube. Badezimmer auf der unteren Ebene mit WC, Dusche, Waschmaschine, Waschmaschine. Eine Treppe hinauf in die obere Etage, wo sich ein Doppelbett, ein Etagenbett und ein Schlafsofa befinden. \u00d6stlich der K\u00fcche befindet sich der Balkon, auf dem Sie in aller Ruhe Ihr Fr\u00fchst\u00fcck genie\u00dfen k\u00f6nnen. Grill. Luftw\u00e4rmepumpe (AC) im ganzen Haus.<\/p><p>Auf dem Hof \u200b\u200bgibt es Katzen, Gefl\u00fcgel aller Art wie H\u00fchner, G\u00e4nse, diverse Enten, Pfauen, Tauben. Die K\u00fche des Nachbarn laufen auf der Weide. Im Fr\u00fchling sitzt man morgens drau\u00dfen und h\u00f6rt den anhaltenden Gesang der Nachtigall und den Schrei des Kuckucks. Nach Einbruch der Dunkelheit h\u00f6rt man die seltene Kr\u00f6te leise auf den Feldern spielen. Und die Flederm\u00e4use fliegen auf der Suche nach ihrer Beute. Wenn Sie Gl\u00fcck haben, gibt es die Ekox auch als Mini-Helikopter. Der Seeadler unternimmt tags\u00fcber einen Ausflug. Ein Ort also, um neue Energie zu tanken.<\/p>\t\t\t\t\t\t\t\t<\/div>\n\t\t\t\t<\/div>\n\t\t\t\t<div class=\"elementor-element elementor-element-b617e0e elementor-widget elementor-widget-shortcode\" data-id=\"b617e0e\" data-element_type=\"widget\" data-e-type=\"widget\" data-widget_type=\"shortcode.default\">\n\t\t\t\t<div class=\"elementor-widget-container\">\n\t\t\t\t\t\t\t<div class=\"elementor-shortcode\"><div class=\"supsystic-table-loader spinner\"style=\"background-color:#000000\"><\/div><div id=\"supsystic-table-28_44171\" class=\"supsystic-tables-wrap \" style=\" width:100%; visibility: hidden; \" data-table-width-fixed=\"100%\" data-table-width-mobile=\"100%\" ><table id=\"supsystic-table-28\" class=\"supsystic-table border lightboxImg cell-border\" data-id=\"28\" data-view-id=\"28_44171\" data-title=\"eken_utrustning_tyska\" data-currency-format=\"$1,000.00\" data-percent-format=\"10.00%\" data-date-format=\"DD.MM.YYYY\" data-time-format=\"HH:mm\" data-features=\"[&quot;after_table_loaded_script&quot;]\" data-search-value=\"\" data-lightbox-img=\"\" data-head-rows-count=\"1\" data-pagination-length=\"50,100,All\" data-auto-index=\"off\" data-searching-settings=\"{&quot;columnSearchPosition&quot;:&quot;bottom&quot;,&quot;minChars&quot;:&quot;0&quot;}\" data-lang=\"default\" data-override=\"{&quot;emptyTable&quot;:&quot;&quot;,&quot;info&quot;:&quot;&quot;,&quot;infoEmpty&quot;:&quot;&quot;,&quot;infoFiltered&quot;:&quot;&quot;,&quot;lengthMenu&quot;:&quot;&quot;,&quot;search&quot;:&quot;&quot;,&quot;previous&quot;:&quot;&quot;,&quot;next&quot;:&quot;&quot;,&quot;zeroRecords&quot;:&quot;&quot;,&quot;exportLabel&quot;:&quot;&quot;,&quot;file&quot;:&quot;default&quot;}\" data-merged=\"[{&quot;row&quot;:0,&quot;col&quot;:0,&quot;rowspan&quot;:1,&quot;colspan&quot;:2,&quot;removed&quot;:false}]\" data-responsive-mode=\"2\" data-from-history=\"0\" ><thead><tr><th class=\"\" style=\"width:; padding: 0 !important;\"><\/th><th class=\"\" style=\"width:; padding: 0 !important;\"><\/th><\/tr><\/thead><tbody><tr style=\"height:px\" ><td data-cell-id=\"A1\" data-x=\"0\" data-y=\"1\" data-db-index=\"1\" class=\"bold color-ffffff bg-009a92\" data-cell-type=\"text\" data-original-value=\"Ausr\u00fcstung\" data-order=\"Ausr\u00fcstung\" style=\"min-width:44.5013%; width:44.5013%;\" data-colspan=\"2\" data-rowspan=\"1\" >Ausr\u00fcstung <\/td><td data-cell-id=\"B1\" data-x=\"1\" data-y=\"1\" data-db-index=\"1\" class=\"bold color-ffffff bg-009a92\" data-cell-type=\"text\" data-original-value=\"\" data-order=\"\" style=\"min-width:55.4987%; width:55.4987%;\" data-hide=\"true\" ><\/td><\/tr><tr style=\"height:px\" ><td data-cell-id=\"A2\" data-x=\"0\" data-y=\"2\" data-db-index=\"2\" class=\"\" data-cell-type=\"text\" data-original-value=\"K\u00fcche\/Wohnzimmer\" data-order=\"K\u00fcche\/Wohnzimmer\" >K\u00fcche\/Wohnzimmer <\/td><td data-cell-id=\"B2\" data-x=\"1\" data-y=\"2\" data-db-index=\"2\" class=\"\" data-cell-type=\"text\" data-original-value=\"Die K\u00fcche ist komplett ausgestattet mit K\u00fchl-\/Gefrierschrank, Geschirrsp\u00fcler, Mikrowelle, Herd\/Ofen und Dunstabzugshaube.\" data-order=\"Die K\u00fcche ist komplett ausgestattet mit K\u00fchl-\/Gefrierschrank, Geschirrsp\u00fcler, Mikrowelle, Herd\/Ofen und Dunstabzugshaube.\" >Die K\u00fcche ist komplett ausgestattet mit K\u00fchl-\/Gefrierschrank, Geschirrsp\u00fcler, Mikrowelle, Herd\/Ofen und Dunstabzugshaube. <\/td><\/tr><tr style=\"height:px\" ><td data-cell-id=\"A3\" data-x=\"0\" data-y=\"3\" data-db-index=\"3\" class=\"\" data-cell-type=\"text\" data-original-value=\"Oben\" data-order=\"Oben\" >Oben <\/td><td data-cell-id=\"B3\" data-x=\"1\" data-y=\"3\" data-db-index=\"3\" class=\"\" data-cell-type=\"text\" data-original-value=\"Doppelbett, Etagenbett und Schlafsofa. Insgesamt 6 Betten.\" data-order=\"Doppelbett, Etagenbett und Schlafsofa. Insgesamt 6 Betten.\" >Doppelbett, Etagenbett und Schlafsofa. Insgesamt 6 Betten. <\/td><\/tr><tr style=\"height:px\" ><td data-cell-id=\"A4\" data-x=\"0\" data-y=\"4\" data-db-index=\"4\" class=\"\" data-cell-type=\"text\" data-original-value=\"Badezimmer mit Dusche\" data-order=\"Badezimmer mit Dusche\" >Badezimmer mit Dusche <\/td><td data-cell-id=\"B4\" data-x=\"1\" data-y=\"4\" data-db-index=\"4\" class=\"\" data-cell-type=\"text\" data-original-value=\"Bettw\u00e4sche und Handt\u00fccher sind im Preis inbegriffen. Bei der Unterkunft handelt es sich um eine Selbstversorgerunterkunft, eine Endreinigung und ein Fr\u00fchst\u00fcckskorb k\u00f6nnen jedoch erworben werden. WC, Dusche, Waschk\u00fcche, Waschmaschine.\" data-order=\"Bettw\u00e4sche und Handt\u00fccher sind im Preis inbegriffen. Bei der Unterkunft handelt es sich um eine Selbstversorgerunterkunft, eine Endreinigung und ein Fr\u00fchst\u00fcckskorb k\u00f6nnen jedoch erworben werden. WC, Dusche, Waschk\u00fcche, Waschmaschine.\" >Bettw\u00e4sche und Handt\u00fccher sind im Preis inbegriffen. Bei der Unterkunft handelt es sich um eine Selbstversorgerunterkunft, eine Endreinigung und ein Fr\u00fchst\u00fcckskorb k\u00f6nnen jedoch erworben werden. WC, Dusche, Waschk\u00fcche, Waschmaschine. <\/td><\/tr><tr style=\"height:px\" ><td data-cell-id=\"A5\" data-x=\"0\" data-y=\"5\" data-db-index=\"5\" class=\"\" data-cell-type=\"text\" data-original-value=\"Verschiedenes\" data-order=\"Verschiedenes\" >Verschiedenes <\/td><td data-cell-id=\"B5\" data-x=\"1\" data-y=\"5\" data-db-index=\"5\" class=\"\" data-cell-type=\"text\" data-original-value=\"Luftw\u00e4rmepumpe (AC) im ganzen Haus. \u00d6stlich der K\u00fcche befindet sich der Balkon, auf dem Sie in aller Ruhe Ihr Fr\u00fchst\u00fcck genie\u00dfen k\u00f6nnen. Grill vorhanden.\" data-order=\"Luftw\u00e4rmepumpe (AC) im ganzen Haus. \u00d6stlich der K\u00fcche befindet sich der Balkon, auf dem Sie in aller Ruhe Ihr Fr\u00fchst\u00fcck genie\u00dfen k\u00f6nnen. Grill vorhanden.\" >Luftw\u00e4rmepumpe (AC) im ganzen Haus. \u00d6stlich der K\u00fcche befindet sich der Balkon, auf dem Sie in aller Ruhe Ihr Fr\u00fchst\u00fcck genie\u00dfen k\u00f6nnen. Grill vorhanden. <\/td><\/tr><\/tbody><\/table><!-- \/#supsystic-table-28.supsystic-table --><\/div><!-- \/.supsystic-tables-wrap --><!-- Tables Generator by Supsystic --><!-- Version:1.11.0 --><!-- http:\/\/supsystic.com\/ --><a title=\"Table Plugin\" style=\"display:none;\" href=\"https:\/\/supsystic.com\/plugins\/wordpress-data-table-plugin\/?utm_medium=love_link\" target=\"_blank\">Table Plugin<\/a><\/div>\n\t\t\t\t\t\t<\/div>\n\t\t\t\t<\/div>\n\t\t\t\t<div class=\"elementor-element elementor-element-b2bb5da elementor-widget elementor-widget-gallery\" data-id=\"b2bb5da\" data-element_type=\"widget\" data-e-type=\"widget\" data-settings=\"{&quot;columns_tablet&quot;:3,&quot;columns_mobile&quot;:3,&quot;lazyload&quot;:&quot;yes&quot;,&quot;gallery_layout&quot;:&quot;grid&quot;,&quot;columns&quot;:4,&quot;gap&quot;:{&quot;unit&quot;:&quot;px&quot;,&quot;size&quot;:10,&quot;sizes&quot;:[]},&quot;gap_tablet&quot;:{&quot;unit&quot;:&quot;px&quot;,&quot;size&quot;:10,&quot;sizes&quot;:[]},&quot;gap_mobile&quot;:{&quot;unit&quot;:&quot;px&quot;,&quot;size&quot;:10,&quot;sizes&quot;:[]},&quot;link_to&quot;:&quot;file&quot;,&quot;aspect_ratio&quot;:&quot;3:2&quot;,&quot;overlay_background&quot;:&quot;yes&quot;,&quot;content_hover_animation&quot;:&quot;fade-in&quot;}\" data-widget_type=\"gallery.default\">\n\t\t\t\t<div class=\"elementor-widget-container\">\n\t\t\t\t\t\t\t<div class=\"elementor-gallery__container\">\n\t\t\t\t\t\t\t<a class=\"e-gallery-item elementor-gallery-item elementor-animated-content\" href=\"https:\/\/www.lantluft.com\/wp-content\/uploads\/2024\/09\/eken7.jpg\" data-elementor-open-lightbox=\"yes\" data-elementor-lightbox-slideshow=\"b2bb5da\" data-e-action-hash=\"#elementor-action%3Aaction%3Dlightbox%26settings%3DeyJpZCI6ODk4LCJ1cmwiOiJodHRwczpcL1wvd3d3LmxhbnRsdWZ0LmNvbVwvd3AtY29udGVudFwvdXBsb2Fkc1wvMjAyNFwvMDlcL2VrZW43LmpwZyIsInNsaWRlc2hvdyI6ImIyYmI1ZGEifQ%3D%3D\">\n\t\t\t\t\t<div class=\"e-gallery-image elementor-gallery-item__image\" data-thumbnail=\"https:\/\/www.lantluft.com\/wp-content\/uploads\/2024\/09\/eken7-768x1024.jpg\" data-width=\"768\" data-height=\"1024\" aria-label=\"\" role=\"img\" ><\/div>\n\t\t\t\t\t\t\t\t\t\t\t<div class=\"elementor-gallery-item__overlay\"><\/div>\n\t\t\t\t\t\t\t\t\t\t\t\t\t\t<\/a>\n\t\t\t\t\t\t\t<a class=\"e-gallery-item elementor-gallery-item elementor-animated-content\" href=\"https:\/\/www.lantluft.com\/wp-content\/uploads\/2024\/09\/eken6.jpg\" data-elementor-open-lightbox=\"yes\" data-elementor-lightbox-slideshow=\"b2bb5da\" data-e-action-hash=\"#elementor-action%3Aaction%3Dlightbox%26settings%3DeyJpZCI6OTAxLCJ1cmwiOiJodHRwczpcL1wvd3d3LmxhbnRsdWZ0LmNvbVwvd3AtY29udGVudFwvdXBsb2Fkc1wvMjAyNFwvMDlcL2VrZW42LmpwZyIsInNsaWRlc2hvdyI6ImIyYmI1ZGEifQ%3D%3D\">\n\t\t\t\t\t<div class=\"e-gallery-image elementor-gallery-item__image\" data-thumbnail=\"https:\/\/www.lantluft.com\/wp-content\/uploads\/2024\/09\/eken6-1024x768.jpg\" data-width=\"800\" data-height=\"600\" aria-label=\"\" role=\"img\" ><\/div>\n\t\t\t\t\t\t\t\t\t\t\t<div class=\"elementor-gallery-item__overlay\"><\/div>\n\t\t\t\t\t\t\t\t\t\t\t\t\t\t<\/a>\n\t\t\t\t\t\t\t<a class=\"e-gallery-item elementor-gallery-item elementor-animated-content\" href=\"https:\/\/www.lantluft.com\/wp-content\/uploads\/2024\/09\/eken5.jpg\" data-elementor-open-lightbox=\"yes\" data-elementor-lightbox-slideshow=\"b2bb5da\" data-e-action-hash=\"#elementor-action%3Aaction%3Dlightbox%26settings%3DeyJpZCI6OTA0LCJ1cmwiOiJodHRwczpcL1wvd3d3LmxhbnRsdWZ0LmNvbVwvd3AtY29udGVudFwvdXBsb2Fkc1wvMjAyNFwvMDlcL2VrZW41LmpwZyIsInNsaWRlc2hvdyI6ImIyYmI1ZGEifQ%3D%3D\">\n\t\t\t\t\t<div class=\"e-gallery-image elementor-gallery-item__image\" data-thumbnail=\"https:\/\/www.lantluft.com\/wp-content\/uploads\/2024\/09\/eken5-768x1024.jpg\" data-width=\"768\" data-height=\"1024\" aria-label=\"\" role=\"img\" ><\/div>\n\t\t\t\t\t\t\t\t\t\t\t<div class=\"elementor-gallery-item__overlay\"><\/div>\n\t\t\t\t\t\t\t\t\t\t\t\t\t\t<\/a>\n\t\t\t\t\t\t\t<a class=\"e-gallery-item elementor-gallery-item elementor-animated-content\" href=\"https:\/\/www.lantluft.com\/wp-content\/uploads\/2024\/09\/eken4.jpg\" data-elementor-open-lightbox=\"yes\" data-elementor-lightbox-slideshow=\"b2bb5da\" data-e-action-hash=\"#elementor-action%3Aaction%3Dlightbox%26settings%3DeyJpZCI6OTA3LCJ1cmwiOiJodHRwczpcL1wvd3d3LmxhbnRsdWZ0LmNvbVwvd3AtY29udGVudFwvdXBsb2Fkc1wvMjAyNFwvMDlcL2VrZW40LmpwZyIsInNsaWRlc2hvdyI6ImIyYmI1ZGEifQ%3D%3D\">\n\t\t\t\t\t<div class=\"e-gallery-image elementor-gallery-item__image\" data-thumbnail=\"https:\/\/www.lantluft.com\/wp-content\/uploads\/2024\/09\/eken4-768x1024.jpg\" data-width=\"768\" data-height=\"1024\" aria-label=\"\" role=\"img\" ><\/div>\n\t\t\t\t\t\t\t\t\t\t\t<div class=\"elementor-gallery-item__overlay\"><\/div>\n\t\t\t\t\t\t\t\t\t\t\t\t\t\t<\/a>\n\t\t\t\t\t\t\t<a class=\"e-gallery-item elementor-gallery-item elementor-animated-content\" href=\"https:\/\/www.lantluft.com\/wp-content\/uploads\/2024\/09\/eken3.jpg\" data-elementor-open-lightbox=\"yes\" data-elementor-lightbox-slideshow=\"b2bb5da\" data-e-action-hash=\"#elementor-action%3Aaction%3Dlightbox%26settings%3DeyJpZCI6OTEwLCJ1cmwiOiJodHRwczpcL1wvd3d3LmxhbnRsdWZ0LmNvbVwvd3AtY29udGVudFwvdXBsb2Fkc1wvMjAyNFwvMDlcL2VrZW4zLmpwZyIsInNsaWRlc2hvdyI6ImIyYmI1ZGEifQ%3D%3D\">\n\t\t\t\t\t<div class=\"e-gallery-image elementor-gallery-item__image\" data-thumbnail=\"https:\/\/www.lantluft.com\/wp-content\/uploads\/2024\/09\/eken3-768x1024.jpg\" data-width=\"768\" data-height=\"1024\" aria-label=\"\" role=\"img\" ><\/div>\n\t\t\t\t\t\t\t\t\t\t\t<div class=\"elementor-gallery-item__overlay\"><\/div>\n\t\t\t\t\t\t\t\t\t\t\t\t\t\t<\/a>\n\t\t\t\t\t\t\t<a class=\"e-gallery-item elementor-gallery-item elementor-animated-content\" href=\"https:\/\/www.lantluft.com\/wp-content\/uploads\/2024\/09\/eken2.jpg\" data-elementor-open-lightbox=\"yes\" data-elementor-lightbox-slideshow=\"b2bb5da\" data-e-action-hash=\"#elementor-action%3Aaction%3Dlightbox%26settings%3DeyJpZCI6OTEzLCJ1cmwiOiJodHRwczpcL1wvd3d3LmxhbnRsdWZ0LmNvbVwvd3AtY29udGVudFwvdXBsb2Fkc1wvMjAyNFwvMDlcL2VrZW4yLmpwZyIsInNsaWRlc2hvdyI6ImIyYmI1ZGEifQ%3D%3D\">\n\t\t\t\t\t<div class=\"e-gallery-image elementor-gallery-item__image\" data-thumbnail=\"https:\/\/www.lantluft.com\/wp-content\/uploads\/2024\/09\/eken2-768x1024.jpg\" data-width=\"768\" data-height=\"1024\" aria-label=\"\" role=\"img\" ><\/div>\n\t\t\t\t\t\t\t\t\t\t\t<div class=\"elementor-gallery-item__overlay\"><\/div>\n\t\t\t\t\t\t\t\t\t\t\t\t\t\t<\/a>\n\t\t\t\t\t\t\t<a class=\"e-gallery-item elementor-gallery-item elementor-animated-content\" href=\"https:\/\/www.lantluft.com\/wp-content\/uploads\/2024\/09\/eken1.jpg\" data-elementor-open-lightbox=\"yes\" data-elementor-lightbox-slideshow=\"b2bb5da\" data-e-action-hash=\"#elementor-action%3Aaction%3Dlightbox%26settings%3DeyJpZCI6OTE2LCJ1cmwiOiJodHRwczpcL1wvd3d3LmxhbnRsdWZ0LmNvbVwvd3AtY29udGVudFwvdXBsb2Fkc1wvMjAyNFwvMDlcL2VrZW4xLmpwZyIsInNsaWRlc2hvdyI6ImIyYmI1ZGEifQ%3D%3D\">\n\t\t\t\t\t<div class=\"e-gallery-image elementor-gallery-item__image\" data-thumbnail=\"https:\/\/www.lantluft.com\/wp-content\/uploads\/2024\/09\/eken1-768x1024.jpg\" data-width=\"768\" data-height=\"1024\" aria-label=\"\" role=\"img\" ><\/div>\n\t\t\t\t\t\t\t\t\t\t\t<div class=\"elementor-gallery-item__overlay\"><\/div>\n\t\t\t\t\t\t\t\t\t\t\t\t\t\t<\/a>\n\t\t\t\t\t<\/div>\n\t\t\t\t\t<\/div>\n\t\t\t\t<\/div>\n\t\t\t\t<\/div>\n\t\t<div class=\"elementor-element elementor-element-0b9ba1d e-con-full e-flex e-con e-child\" data-id=\"0b9ba1d\" data-element_type=\"container\" data-e-type=\"container\" data-settings=\"{&quot;background_background&quot;:&quot;classic&quot;}\">\n\t\t\t\t<div class=\"elementor-element elementor-element-2938c1d elementor-widget elementor-widget-text-editor\" data-id=\"2938c1d\" data-element_type=\"widget\" data-e-type=\"widget\" data-widget_type=\"text-editor.default\">\n\t\t\t\t<div class=\"elementor-widget-container\">\n\t\t\t\t\t\t\t\t\t<h2>Aktuelle Preise f\u00fcr 2025<\/h2><p>Dies sind die aktuellen Preise f\u00fcr 2025. Bei einer Buchung ab 6 Tagen erhalten Sie 10 % Rabatt.<\/p>\t\t\t\t\t\t\t\t<\/div>\n\t\t\t\t<\/div>\n\t\t\t\t<div class=\"elementor-element elementor-element-e85c7c2 elementor-widget elementor-widget-text-editor\" data-id=\"e85c7c2\" data-element_type=\"widget\" data-e-type=\"widget\" data-widget_type=\"text-editor.default\">\n\t\t\t\t<div class=\"elementor-widget-container\">\n\t\t\t\t\t\t\t\t\t<strong>Preis pro Nacht:<\/strong> 1450 kr\t\t\t\t\t\t\t\t<\/div>\n\t\t\t\t<\/div>\n\t\t\t\t<\/div>\n\t\t\t\t\t<\/div>\n\t\t\t\t<\/div>\n\t\t\t\t<\/div>\n\t\t","protected":false},"excerpt":{"rendered":"<p>Magasinet Eken Ist der alte Getreidespeicher, der eine Renovierung brauchte und zu einer sehr komfortablen Unterkunft wurde. Liegt auf dem Bauernhof, nur einen Steinwurf von Lantluft entfernt. Sie betreten den [&hellip;]<\/p>\n","protected":false},"author":1,"featured_media":0,"parent":460,"menu_order":0,"comment_status":"closed","ping_status":"closed","template":"","meta":{"_acf_changed":false,"footnotes":""},"class_list":["post-1623","page","type-page","status-publish","hentry"],"acf":[],"_links":{"self":[{"href":"https:\/\/www.lantluft.com\/de\/wp-json\/wp\/v2\/pages\/1623","targetHints":{"allow":["GET"]}}],"collection":[{"href":"https:\/\/www.lantluft.com\/de\/wp-json\/wp\/v2\/pages"}],"about":[{"href":"https:\/\/www.lantluft.com\/de\/wp-json\/wp\/v2\/types\/page"}],"author":[{"embeddable":true,"href":"https:\/\/www.lantluft.com\/de\/wp-json\/wp\/v2\/users\/1"}],"replies":[{"embeddable":true,"href":"https:\/\/www.lantluft.com\/de\/wp-json\/wp\/v2\/comments?post=1623"}],"version-history":[{"count":16,"href":"https:\/\/www.lantluft.com\/de\/wp-json\/wp\/v2\/pages\/1623\/revisions"}],"predecessor-version":[{"id":1980,"href":"https:\/\/www.lantluft.com\/de\/wp-json\/wp\/v2\/pages\/1623\/revisions\/1980"}],"up":[{"embeddable":true,"href":"https:\/\/www.lantluft.com\/de\/wp-json\/wp\/v2\/pages\/460"}],"wp:attachment":[{"href":"https:\/\/www.lantluft.com\/de\/wp-json\/wp\/v2\/media?parent=1623"}],"curies":[{"name":"wp","href":"https:\/\/api.w.org\/{rel}","templated":true}]}}