{"id":2053,"date":"2025-01-15T09:48:21","date_gmt":"2025-01-15T08:48:21","guid":{"rendered":"https:\/\/www.lantluft.com\/?page_id=2053"},"modified":"2025-12-05T07:40:51","modified_gmt":"2025-12-05T06:40:51","slug":"buch","status":"publish","type":"page","link":"https:\/\/www.lantluft.com\/de\/buch\/","title":{"rendered":"Buch"},"content":{"rendered":"\t\t<div data-elementor-type=\"wp-page\" data-elementor-id=\"2053\" class=\"elementor elementor-2053 elementor-2025\" data-elementor-post-type=\"page\">\n\t\t\t\t<div class=\"elementor-element elementor-element-38f27a7 e-flex e-con-boxed e-con e-parent\" data-id=\"38f27a7\" data-element_type=\"container\" data-e-type=\"container\">\n\t\t\t\t\t<div class=\"e-con-inner\">\n\t\t\t\t<div class=\"elementor-element elementor-element-9feaeba elementor-widget elementor-widget-image\" data-id=\"9feaeba\" data-element_type=\"widget\" data-e-type=\"widget\" data-widget_type=\"image.default\">\n\t\t\t\t<div class=\"elementor-widget-container\">\n\t\t\t\t\t\t\t\t\t\t\t\t\t\t\t<img fetchpriority=\"high\" decoding=\"async\" width=\"1920\" height=\"900\" src=\"https:\/\/www.lantluft.com\/wp-content\/uploads\/2024\/09\/startsidan-1920x900-1.jpg\" class=\"attachment-full size-full wp-image-1028\" alt=\"\" srcset=\"https:\/\/www.lantluft.com\/wp-content\/uploads\/2024\/09\/startsidan-1920x900-1.jpg 1920w, https:\/\/www.lantluft.com\/wp-content\/uploads\/2024\/09\/startsidan-1920x900-1-300x141.jpg 300w, https:\/\/www.lantluft.com\/wp-content\/uploads\/2024\/09\/startsidan-1920x900-1-1024x480.jpg 1024w, https:\/\/www.lantluft.com\/wp-content\/uploads\/2024\/09\/startsidan-1920x900-1-768x360.jpg 768w, https:\/\/www.lantluft.com\/wp-content\/uploads\/2024\/09\/startsidan-1920x900-1-1536x720.jpg 1536w\" sizes=\"(max-width: 1920px) 100vw, 1920px\" \/>\t\t\t\t\t\t\t\t\t\t\t\t\t\t\t<\/div>\n\t\t\t\t<\/div>\n\t\t\t\t\t<\/div>\n\t\t\t\t<\/div>\n\t\t<div class=\"elementor-element elementor-element-8fc5d8e e-flex e-con-boxed e-con e-parent\" data-id=\"8fc5d8e\" data-element_type=\"container\" data-e-type=\"container\">\n\t\t\t\t\t<div class=\"e-con-inner\">\n\t\t\t\t<div class=\"elementor-element elementor-element-2bd4a4b elementor-widget elementor-widget-text-editor\" data-id=\"2bd4a4b\" data-element_type=\"widget\" data-e-type=\"widget\" data-widget_type=\"text-editor.default\">\n\t\t\t\t<div class=\"elementor-widget-container\">\n\t\t\t\t\t\t\t\t\t<h1>Buch<\/h1>\t\t\t\t\t\t\t\t<\/div>\n\t\t\t\t<\/div>\n\t\t\t\t<div class=\"elementor-element elementor-element-9ee4bd8 elementor-widget elementor-widget-shortcode\" data-id=\"9ee4bd8\" data-element_type=\"widget\" data-e-type=\"widget\" data-widget_type=\"shortcode.default\">\n\t\t\t\t<div class=\"elementor-widget-container\">\n\t\t\t\t\t\t\t<div class=\"elementor-shortcode\"><script async src=\"https:\/\/secured.sirvoy.com\/widget\/sirvoy.js\" data-form-id=\"b2a0775fa7ef795b\" data-wp-plugin-version=\"5.1\"><\/script><\/div>\n\t\t\t\t\t\t<\/div>\n\t\t\t\t<\/div>\n\t\t\t\t<div class=\"elementor-element elementor-element-26773eb elementor-widget elementor-widget-shortcode\" data-id=\"26773eb\" data-element_type=\"widget\" data-e-type=\"widget\" data-widget_type=\"shortcode.default\">\n\t\t\t\t<div class=\"elementor-widget-container\">\n\t\t\t\t\t\t\t<div class=\"elementor-shortcode\"><script async src=\"https:\/\/secured.sirvoy.com\/widget\/sirvoy.js\" data-form-id=\"b2a0775fa7ef795b\" data-widget=\"review\" data-wp-plugin-version=\"5.1\"><\/script><\/div>\n\t\t\t\t\t\t<\/div>\n\t\t\t\t<\/div>\n\t\t\t\t\t<\/div>\n\t\t\t\t<\/div>\n\t\t<div class=\"elementor-element elementor-element-9969bd7 e-flex e-con-boxed e-con e-parent\" data-id=\"9969bd7\" data-element_type=\"container\" data-e-type=\"container\">\n\t\t\t\t\t<div class=\"e-con-inner\">\n\t\t\t\t<div class=\"elementor-element elementor-element-29b7036 elementor-widget elementor-widget-text-editor\" data-id=\"29b7036\" data-element_type=\"widget\" data-e-type=\"widget\" data-widget_type=\"text-editor.default\">\n\t\t\t\t<div class=\"elementor-widget-container\">\n\t\t\t\t\t\t\t\t\t<h2>Buchungsbedingungen<\/h2><p><strong>Ankunft\/Abreise<\/strong><\/p><p>Anreise nach 15.00 Uhr, bei Anreise nach 17.00 Uhr kontaktieren Sie uns bitte vorab.<br \/>Abreise vor 11.00 Uhr<\/p><p><strong>Zahlung\/Stornierung<\/strong><\/p><p>Bei der Buchung wird eine Buchungsgeb\u00fchr von 20 % des Gesamtbetrages abgezogen. Der Restbetrag muss 30 Tage vor Anreise bezahlt werden. Bei einer Buchung weniger als 30 Tage vor Anreise wird der volle Betrag zum Zeitpunkt der Buchung bezahlt.<\/p><p>Eine Stornierung ist bis 30 Tage vor Anreise m\u00f6glich. Die Buchungsgeb\u00fchr ist nicht erstattungsf\u00e4hig. Bei Stornierungen, die weniger als 30 Tage vor Anreise erfolgen, werden die vollen Kosten berechnet.<\/p><p><strong>Bettw\u00e4sche<\/strong><\/p><p>Bettw\u00e4sche und Handt\u00fccher sind im Preis inbegriffen.<br \/>Bei der Abreise sind die Betten bezogen und die Bettw\u00e4sche hinter die Eingangst\u00fcr gelegt.<\/p><p><strong>Reinigung<\/strong><\/p><p>Die Kabine wird gereinigt hinterlassen, es sei denn, die Reinigung wird als zus\u00e4tzliche Dienstleistung erworben. F\u00fcr eine vers\u00e4umte oder unvollst\u00e4ndige Reinigung werden 1.000 SEK berechnet. HINWEIS: Wenn Sie die Reinigung bei uns erworben haben, ist das Abwaschen oder die M\u00fcllentsorgung nicht im Preis inbegriffen. Dies muss erfolgen, bevor Sie die Kabine verlassen.<\/p><p><strong>Verbrauchsmaterial<\/strong><\/p><p>Verbrauchsmaterialien wie Sp\u00fclmittel, Haushaltspapier, Toilettenpapier etc. Dyl ist nicht im Mietpreis enthalten.<\/p><p><strong>Haustiere<\/strong><\/p><p>Wir haben Unterk\u00fcnfte in Eken, in denen Haustiere erlaubt sind. Andere Unterk\u00fcnfte und R\u00e4umlichkeiten sind aufgrund von Allergien haustierfrei. Aber Sie sind in unserem Garten herzlich willkommen.<\/p><p><strong>Rauchen<\/strong><\/p><p>Das Rauchen im Innenbereich ist nicht gestattet.<\/p><p><strong>H\u00f6here Gewalt<\/strong><\/p><p>Im Falle unvorhergesehener Ereignisse wie Naturkatastrophen, Pandemien oder anderer Umst\u00e4nde, die au\u00dferhalb unserer Kontrolle liegen, beh\u00e4lt sich Lantluft das Recht vor, die Buchungsbedingungen zu \u00e4ndern oder zu stornieren.<\/p>\t\t\t\t\t\t\t\t<\/div>\n\t\t\t\t<\/div>\n\t\t\t\t\t<\/div>\n\t\t\t\t<\/div>\n\t\t\t\t<\/div>\n\t\t","protected":false},"excerpt":{"rendered":"<p>Buch Buchungsbedingungen Ankunft\/Abreise Anreise nach 15.00 Uhr, bei Anreise nach 17.00 Uhr kontaktieren Sie uns bitte vorab.Abreise vor 11.00 Uhr Zahlung\/Stornierung Bei der Buchung wird eine Buchungsgeb\u00fchr von 20 % [&hellip;]<\/p>\n","protected":false},"author":1,"featured_media":0,"parent":0,"menu_order":0,"comment_status":"closed","ping_status":"closed","template":"","meta":{"_acf_changed":false,"footnotes":""},"class_list":["post-2053","page","type-page","status-publish","hentry"],"acf":[],"_links":{"self":[{"href":"https:\/\/www.lantluft.com\/de\/wp-json\/wp\/v2\/pages\/2053","targetHints":{"allow":["GET"]}}],"collection":[{"href":"https:\/\/www.lantluft.com\/de\/wp-json\/wp\/v2\/pages"}],"about":[{"href":"https:\/\/www.lantluft.com\/de\/wp-json\/wp\/v2\/types\/page"}],"author":[{"embeddable":true,"href":"https:\/\/www.lantluft.com\/de\/wp-json\/wp\/v2\/users\/1"}],"replies":[{"embeddable":true,"href":"https:\/\/www.lantluft.com\/de\/wp-json\/wp\/v2\/comments?post=2053"}],"version-history":[{"count":10,"href":"https:\/\/www.lantluft.com\/de\/wp-json\/wp\/v2\/pages\/2053\/revisions"}],"predecessor-version":[{"id":2396,"href":"https:\/\/www.lantluft.com\/de\/wp-json\/wp\/v2\/pages\/2053\/revisions\/2396"}],"wp:attachment":[{"href":"https:\/\/www.lantluft.com\/de\/wp-json\/wp\/v2\/media?parent=2053"}],"curies":[{"name":"wp","href":"https:\/\/api.w.org\/{rel}","templated":true}]}}