{"id":585,"date":"2024-08-06T09:18:19","date_gmt":"2024-08-06T07:18:19","guid":{"rendered":"http:\/\/lantluft24.alterwarp.web4u.nu\/?page_id=585"},"modified":"2024-10-04T11:01:28","modified_gmt":"2024-10-04T09:01:28","slug":"cafe","status":"publish","type":"page","link":"https:\/\/www.lantluft.com\/de\/cafe\/","title":{"rendered":"Caf\u00e9"},"content":{"rendered":"\t\t<div data-elementor-type=\"wp-page\" data-elementor-id=\"585\" class=\"elementor elementor-585 elementor-10\" data-elementor-post-type=\"page\">\n\t\t\t\t<div class=\"elementor-element elementor-element-9201684 e-flex e-con-boxed e-con e-parent\" data-id=\"9201684\" data-element_type=\"container\" data-e-type=\"container\">\n\t\t\t\t\t<div class=\"e-con-inner\">\n\t\t\t\t<div class=\"elementor-element elementor-element-62e33c2 elementor-widget elementor-widget-image\" data-id=\"62e33c2\" data-element_type=\"widget\" data-e-type=\"widget\" data-widget_type=\"image.default\">\n\t\t\t\t<div class=\"elementor-widget-container\">\n\t\t\t\t\t\t\t\t\t\t\t\t\t\t\t<img fetchpriority=\"high\" decoding=\"async\" width=\"1920\" height=\"900\" src=\"https:\/\/www.lantluft.com\/wp-content\/uploads\/2024\/09\/cafe_toppen.jpg\" class=\"attachment-full size-full wp-image-925\" alt=\"\" srcset=\"https:\/\/www.lantluft.com\/wp-content\/uploads\/2024\/09\/cafe_toppen.jpg 1920w, https:\/\/www.lantluft.com\/wp-content\/uploads\/2024\/09\/cafe_toppen-300x141.jpg 300w, https:\/\/www.lantluft.com\/wp-content\/uploads\/2024\/09\/cafe_toppen-1024x480.jpg 1024w, https:\/\/www.lantluft.com\/wp-content\/uploads\/2024\/09\/cafe_toppen-768x360.jpg 768w, https:\/\/www.lantluft.com\/wp-content\/uploads\/2024\/09\/cafe_toppen-1536x720.jpg 1536w\" sizes=\"(max-width: 1920px) 100vw, 1920px\" \/>\t\t\t\t\t\t\t\t\t\t\t\t\t\t\t<\/div>\n\t\t\t\t<\/div>\n\t\t\t\t\t<\/div>\n\t\t\t\t<\/div>\n\t\t<div class=\"elementor-element elementor-element-1442a9f9 e-flex e-con-boxed e-con e-parent\" data-id=\"1442a9f9\" data-element_type=\"container\" data-e-type=\"container\">\n\t\t\t\t\t<div class=\"e-con-inner\">\n\t\t<div class=\"elementor-element elementor-element-3f666afe e-con-full e-flex e-con e-child\" data-id=\"3f666afe\" data-element_type=\"container\" data-e-type=\"container\">\n\t\t\t\t<div class=\"elementor-element elementor-element-522fe2c8 elementor-widget elementor-widget-text-editor\" data-id=\"522fe2c8\" data-element_type=\"widget\" data-e-type=\"widget\" data-widget_type=\"text-editor.default\">\n\t\t\t\t<div class=\"elementor-widget-container\">\n\t\t\t\t\t\t\t\t\t<h1>Caf\u00e9<\/h1><p><strong>In unserem Caf\u00e9 servieren wir lokale und lokal produzierte Speisen. Alles, was wir haben, wird so weit wie m\u00f6glich von Grund auf neu hergestellt. Wir verwenden die am Hof \u200b\u200bvorhandenen Rohstoffe, Fr\u00fcchte und Beeren.<\/strong><\/p><p>Die Beere, die wir verwenden, ist der Sanddorn, der etwas Besonderes ist. Besonders bei uns. Soweit m\u00f6glich verwenden wir Rohstoffe von unseren lokalen Produzenten an der K\u00fcstenstra\u00dfe und in Blekinge.<\/p><p>Auf spezielle Di\u00e4ten versuchen wir nach M\u00f6glichkeit R\u00fccksicht zu nehmen. Bitte kontaktieren Sie uns vor Ihrem Besuch, dann werden wir Ihnen das Angebot mit gr\u00f6\u00dferer Wahrscheinlichkeit anbieten.<\/p><p><strong>Unsere Unterschrift;<\/strong><\/p><ul><li>Lantlufts K\u00e4sekuchen mit hausgemachter Marmelade aus dem Garten.<\/li><li>Obst-\/Beerenkuchen mit rohem Vanillepudding<\/li><li>Sanddorngeb\u00e4ck<\/li><li>Garten muss<\/li><\/ul><p><strong>Wir haben<\/strong><\/p><ul><li>Sandwiches<\/li><li>Kuchen<\/li><li>Leichteres heutiges Mittagessen<\/li><li>Geb\u00e4ck<\/li><\/ul><h2>Unsere Lieferanten sind:<\/h2><p>Kaffeer\u00f6sterei Blekinge, Orran\u00e4s g\u00e5rdsmejeri, Bondg\u00e5rden, Ols\u00e4ng-Kartoffeln, Attan\u00e4s-Hof, Lilla Butiken, Ottoglass, Ols\u00e4ngs Catering, Bloml\u00f6fs R\u00e4ucherei, Kolafabriken, Sj\u00f6stens Hjorth\u00e4gn.<\/p><p><strong>Wir sind unten bei Ihnen Kustv\u00e4gen sydosts:<\/strong><\/p><ul><li>Spargelsafari<\/li><li>Weihnachten an der K\u00fcstenstra\u00dfe<\/li><\/ul><p><strong>Wir bieten verschiedene Aktivit\u00e4ten an;<\/strong><\/p><ul><li>Musikabende<\/li><li>Ostertisch<\/li><li>Caf\u00e9 zu Weihnachten ge\u00f6ffnet<\/li><li>Mittagessen mit K\u00f6rperkuchen<\/li><li>Meeresfr\u00fcchteteller usw<\/li><\/ul><p><a href=\"https:\/\/www.lantluft.com\/events\/\">Siehe Aktivit\u00e4tskalender f\u00fcr diese Tage.<\/a><\/p>\t\t\t\t\t\t\t\t<\/div>\n\t\t\t\t<\/div>\n\t\t\t\t<\/div>\n\t\t<div class=\"elementor-element elementor-element-3bcb5762 e-con-full e-flex e-con e-child\" data-id=\"3bcb5762\" data-element_type=\"container\" data-e-type=\"container\">\n\t\t\t\t<div class=\"elementor-element elementor-element-17767ac elementor-widget elementor-widget-gallery\" data-id=\"17767ac\" data-element_type=\"widget\" data-e-type=\"widget\" data-settings=\"{&quot;columns_tablet&quot;:3,&quot;columns_mobile&quot;:3,&quot;columns&quot;:3,&quot;lazyload&quot;:&quot;yes&quot;,&quot;gallery_layout&quot;:&quot;grid&quot;,&quot;gap&quot;:{&quot;unit&quot;:&quot;px&quot;,&quot;size&quot;:10,&quot;sizes&quot;:[]},&quot;gap_tablet&quot;:{&quot;unit&quot;:&quot;px&quot;,&quot;size&quot;:10,&quot;sizes&quot;:[]},&quot;gap_mobile&quot;:{&quot;unit&quot;:&quot;px&quot;,&quot;size&quot;:10,&quot;sizes&quot;:[]},&quot;link_to&quot;:&quot;file&quot;,&quot;aspect_ratio&quot;:&quot;3:2&quot;,&quot;overlay_background&quot;:&quot;yes&quot;,&quot;content_hover_animation&quot;:&quot;fade-in&quot;}\" data-widget_type=\"gallery.default\">\n\t\t\t\t<div class=\"elementor-widget-container\">\n\t\t\t\t\t\t\t<div class=\"elementor-gallery__container\">\n\t\t\t\t\t\t\t<a class=\"e-gallery-item elementor-gallery-item elementor-animated-content\" href=\"https:\/\/www.lantluft.com\/wp-content\/uploads\/2024\/09\/cafe_02.jpg\" data-elementor-open-lightbox=\"yes\" data-elementor-lightbox-slideshow=\"17767ac\" data-e-action-hash=\"#elementor-action%3Aaction%3Dlightbox%26settings%3DeyJpZCI6OTI2LCJ1cmwiOiJodHRwczpcL1wvd3d3LmxhbnRsdWZ0LmNvbVwvd3AtY29udGVudFwvdXBsb2Fkc1wvMjAyNFwvMDlcL2NhZmVfMDIuanBnIiwic2xpZGVzaG93IjoiMTc3NjdhYyJ9\">\n\t\t\t\t\t<div class=\"e-gallery-image elementor-gallery-item__image\" data-thumbnail=\"https:\/\/www.lantluft.com\/wp-content\/uploads\/2024\/09\/cafe_02-768x1024.jpg\" data-width=\"768\" data-height=\"1024\" aria-label=\"\" role=\"img\" ><\/div>\n\t\t\t\t\t\t\t\t\t\t\t<div class=\"elementor-gallery-item__overlay\"><\/div>\n\t\t\t\t\t\t\t\t\t\t\t\t\t\t<\/a>\n\t\t\t\t\t\t\t<a class=\"e-gallery-item elementor-gallery-item elementor-animated-content\" href=\"https:\/\/www.lantluft.com\/wp-content\/uploads\/2024\/09\/cafe_03.jpg\" data-elementor-open-lightbox=\"yes\" data-elementor-lightbox-slideshow=\"17767ac\" data-e-action-hash=\"#elementor-action%3Aaction%3Dlightbox%26settings%3DeyJpZCI6OTI5LCJ1cmwiOiJodHRwczpcL1wvd3d3LmxhbnRsdWZ0LmNvbVwvd3AtY29udGVudFwvdXBsb2Fkc1wvMjAyNFwvMDlcL2NhZmVfMDMuanBnIiwic2xpZGVzaG93IjoiMTc3NjdhYyJ9\">\n\t\t\t\t\t<div class=\"e-gallery-image elementor-gallery-item__image\" data-thumbnail=\"https:\/\/www.lantluft.com\/wp-content\/uploads\/2024\/09\/cafe_03-768x1024.jpg\" data-width=\"768\" data-height=\"1024\" aria-label=\"\" role=\"img\" ><\/div>\n\t\t\t\t\t\t\t\t\t\t\t<div class=\"elementor-gallery-item__overlay\"><\/div>\n\t\t\t\t\t\t\t\t\t\t\t\t\t\t<\/a>\n\t\t\t\t\t\t\t<a class=\"e-gallery-item elementor-gallery-item elementor-animated-content\" href=\"https:\/\/www.lantluft.com\/wp-content\/uploads\/2024\/09\/cafe_04.jpg\" data-elementor-open-lightbox=\"yes\" data-elementor-lightbox-slideshow=\"17767ac\" data-e-action-hash=\"#elementor-action%3Aaction%3Dlightbox%26settings%3DeyJpZCI6OTMyLCJ1cmwiOiJodHRwczpcL1wvd3d3LmxhbnRsdWZ0LmNvbVwvd3AtY29udGVudFwvdXBsb2Fkc1wvMjAyNFwvMDlcL2NhZmVfMDQuanBnIiwic2xpZGVzaG93IjoiMTc3NjdhYyJ9\">\n\t\t\t\t\t<div class=\"e-gallery-image elementor-gallery-item__image\" data-thumbnail=\"https:\/\/www.lantluft.com\/wp-content\/uploads\/2024\/09\/cafe_04-768x1024.jpg\" data-width=\"768\" data-height=\"1024\" aria-label=\"\" role=\"img\" ><\/div>\n\t\t\t\t\t\t\t\t\t\t\t<div class=\"elementor-gallery-item__overlay\"><\/div>\n\t\t\t\t\t\t\t\t\t\t\t\t\t\t<\/a>\n\t\t\t\t\t\t\t<a class=\"e-gallery-item elementor-gallery-item elementor-animated-content\" href=\"https:\/\/www.lantluft.com\/wp-content\/uploads\/2024\/09\/cafe_05.jpg\" data-elementor-open-lightbox=\"yes\" data-elementor-lightbox-slideshow=\"17767ac\" data-e-action-hash=\"#elementor-action%3Aaction%3Dlightbox%26settings%3DeyJpZCI6OTM1LCJ1cmwiOiJodHRwczpcL1wvd3d3LmxhbnRsdWZ0LmNvbVwvd3AtY29udGVudFwvdXBsb2Fkc1wvMjAyNFwvMDlcL2NhZmVfMDUuanBnIiwic2xpZGVzaG93IjoiMTc3NjdhYyJ9\">\n\t\t\t\t\t<div class=\"e-gallery-image elementor-gallery-item__image\" data-thumbnail=\"https:\/\/www.lantluft.com\/wp-content\/uploads\/2024\/09\/cafe_05-768x1024.jpg\" data-width=\"768\" data-height=\"1024\" aria-label=\"\" role=\"img\" ><\/div>\n\t\t\t\t\t\t\t\t\t\t\t<div class=\"elementor-gallery-item__overlay\"><\/div>\n\t\t\t\t\t\t\t\t\t\t\t\t\t\t<\/a>\n\t\t\t\t\t\t\t<a class=\"e-gallery-item elementor-gallery-item elementor-animated-content\" href=\"https:\/\/www.lantluft.com\/wp-content\/uploads\/2024\/09\/cafe_06.jpg\" data-elementor-open-lightbox=\"yes\" data-elementor-lightbox-slideshow=\"17767ac\" data-e-action-hash=\"#elementor-action%3Aaction%3Dlightbox%26settings%3DeyJpZCI6OTM4LCJ1cmwiOiJodHRwczpcL1wvd3d3LmxhbnRsdWZ0LmNvbVwvd3AtY29udGVudFwvdXBsb2Fkc1wvMjAyNFwvMDlcL2NhZmVfMDYuanBnIiwic2xpZGVzaG93IjoiMTc3NjdhYyJ9\">\n\t\t\t\t\t<div class=\"e-gallery-image elementor-gallery-item__image\" data-thumbnail=\"https:\/\/www.lantluft.com\/wp-content\/uploads\/2024\/09\/cafe_06-768x1024.jpg\" data-width=\"768\" data-height=\"1024\" aria-label=\"\" role=\"img\" ><\/div>\n\t\t\t\t\t\t\t\t\t\t\t<div class=\"elementor-gallery-item__overlay\"><\/div>\n\t\t\t\t\t\t\t\t\t\t\t\t\t\t<\/a>\n\t\t\t\t\t\t\t<a class=\"e-gallery-item elementor-gallery-item elementor-animated-content\" href=\"https:\/\/www.lantluft.com\/wp-content\/uploads\/2024\/09\/cafe_07.jpg\" data-elementor-open-lightbox=\"yes\" data-elementor-lightbox-slideshow=\"17767ac\" data-e-action-hash=\"#elementor-action%3Aaction%3Dlightbox%26settings%3DeyJpZCI6OTQxLCJ1cmwiOiJodHRwczpcL1wvd3d3LmxhbnRsdWZ0LmNvbVwvd3AtY29udGVudFwvdXBsb2Fkc1wvMjAyNFwvMDlcL2NhZmVfMDcuanBnIiwic2xpZGVzaG93IjoiMTc3NjdhYyJ9\">\n\t\t\t\t\t<div class=\"e-gallery-image elementor-gallery-item__image\" data-thumbnail=\"https:\/\/www.lantluft.com\/wp-content\/uploads\/2024\/09\/cafe_07-768x1024.jpg\" data-width=\"768\" data-height=\"1024\" aria-label=\"\" role=\"img\" ><\/div>\n\t\t\t\t\t\t\t\t\t\t\t<div class=\"elementor-gallery-item__overlay\"><\/div>\n\t\t\t\t\t\t\t\t\t\t\t\t\t\t<\/a>\n\t\t\t\t\t\t\t<a class=\"e-gallery-item elementor-gallery-item elementor-animated-content\" href=\"https:\/\/www.lantluft.com\/wp-content\/uploads\/2024\/09\/cafe_08.jpg\" data-elementor-open-lightbox=\"yes\" data-elementor-lightbox-slideshow=\"17767ac\" data-e-action-hash=\"#elementor-action%3Aaction%3Dlightbox%26settings%3DeyJpZCI6OTQ0LCJ1cmwiOiJodHRwczpcL1wvd3d3LmxhbnRsdWZ0LmNvbVwvd3AtY29udGVudFwvdXBsb2Fkc1wvMjAyNFwvMDlcL2NhZmVfMDguanBnIiwic2xpZGVzaG93IjoiMTc3NjdhYyJ9\">\n\t\t\t\t\t<div class=\"e-gallery-image elementor-gallery-item__image\" data-thumbnail=\"https:\/\/www.lantluft.com\/wp-content\/uploads\/2024\/09\/cafe_08-768x1024.jpg\" data-width=\"768\" data-height=\"1024\" aria-label=\"\" role=\"img\" ><\/div>\n\t\t\t\t\t\t\t\t\t\t\t<div class=\"elementor-gallery-item__overlay\"><\/div>\n\t\t\t\t\t\t\t\t\t\t\t\t\t\t<\/a>\n\t\t\t\t\t\t\t<a class=\"e-gallery-item elementor-gallery-item elementor-animated-content\" href=\"https:\/\/www.lantluft.com\/wp-content\/uploads\/2024\/09\/cafe_09.jpg\" data-elementor-open-lightbox=\"yes\" data-elementor-lightbox-slideshow=\"17767ac\" data-e-action-hash=\"#elementor-action%3Aaction%3Dlightbox%26settings%3DeyJpZCI6OTQ3LCJ1cmwiOiJodHRwczpcL1wvd3d3LmxhbnRsdWZ0LmNvbVwvd3AtY29udGVudFwvdXBsb2Fkc1wvMjAyNFwvMDlcL2NhZmVfMDkuanBnIiwic2xpZGVzaG93IjoiMTc3NjdhYyJ9\">\n\t\t\t\t\t<div class=\"e-gallery-image elementor-gallery-item__image\" data-thumbnail=\"https:\/\/www.lantluft.com\/wp-content\/uploads\/2024\/09\/cafe_09-768x1024.jpg\" data-width=\"768\" data-height=\"1024\" aria-label=\"\" role=\"img\" ><\/div>\n\t\t\t\t\t\t\t\t\t\t\t<div class=\"elementor-gallery-item__overlay\"><\/div>\n\t\t\t\t\t\t\t\t\t\t\t\t\t\t<\/a>\n\t\t\t\t\t\t\t<a class=\"e-gallery-item elementor-gallery-item elementor-animated-content\" href=\"https:\/\/www.lantluft.com\/wp-content\/uploads\/2024\/09\/cafe_10.jpg\" data-elementor-open-lightbox=\"yes\" data-elementor-lightbox-slideshow=\"17767ac\" data-e-action-hash=\"#elementor-action%3Aaction%3Dlightbox%26settings%3DeyJpZCI6OTUwLCJ1cmwiOiJodHRwczpcL1wvd3d3LmxhbnRsdWZ0LmNvbVwvd3AtY29udGVudFwvdXBsb2Fkc1wvMjAyNFwvMDlcL2NhZmVfMTAuanBnIiwic2xpZGVzaG93IjoiMTc3NjdhYyJ9\">\n\t\t\t\t\t<div class=\"e-gallery-image elementor-gallery-item__image\" data-thumbnail=\"https:\/\/www.lantluft.com\/wp-content\/uploads\/2024\/09\/cafe_10-347x1024.jpg\" data-width=\"347\" data-height=\"1024\" aria-label=\"\" role=\"img\" ><\/div>\n\t\t\t\t\t\t\t\t\t\t\t<div class=\"elementor-gallery-item__overlay\"><\/div>\n\t\t\t\t\t\t\t\t\t\t\t\t\t\t<\/a>\n\t\t\t\t\t\t\t<a class=\"e-gallery-item elementor-gallery-item elementor-animated-content\" href=\"https:\/\/www.lantluft.com\/wp-content\/uploads\/2024\/09\/cafe_11.jpg\" data-elementor-open-lightbox=\"yes\" data-elementor-lightbox-slideshow=\"17767ac\" data-e-action-hash=\"#elementor-action%3Aaction%3Dlightbox%26settings%3DeyJpZCI6OTUzLCJ1cmwiOiJodHRwczpcL1wvd3d3LmxhbnRsdWZ0LmNvbVwvd3AtY29udGVudFwvdXBsb2Fkc1wvMjAyNFwvMDlcL2NhZmVfMTEuanBnIiwic2xpZGVzaG93IjoiMTc3NjdhYyJ9\">\n\t\t\t\t\t<div class=\"e-gallery-image elementor-gallery-item__image\" data-thumbnail=\"https:\/\/www.lantluft.com\/wp-content\/uploads\/2024\/09\/cafe_11-1006x1024.jpg\" data-width=\"800\" data-height=\"814\" aria-label=\"\" role=\"img\" ><\/div>\n\t\t\t\t\t\t\t\t\t\t\t<div class=\"elementor-gallery-item__overlay\"><\/div>\n\t\t\t\t\t\t\t\t\t\t\t\t\t\t<\/a>\n\t\t\t\t\t\t\t<a class=\"e-gallery-item elementor-gallery-item elementor-animated-content\" href=\"https:\/\/www.lantluft.com\/wp-content\/uploads\/2024\/09\/cafe_12.jpg\" data-elementor-open-lightbox=\"yes\" data-elementor-lightbox-slideshow=\"17767ac\" data-e-action-hash=\"#elementor-action%3Aaction%3Dlightbox%26settings%3DeyJpZCI6OTU2LCJ1cmwiOiJodHRwczpcL1wvd3d3LmxhbnRsdWZ0LmNvbVwvd3AtY29udGVudFwvdXBsb2Fkc1wvMjAyNFwvMDlcL2NhZmVfMTIuanBnIiwic2xpZGVzaG93IjoiMTc3NjdhYyJ9\">\n\t\t\t\t\t<div class=\"e-gallery-image elementor-gallery-item__image\" data-thumbnail=\"https:\/\/www.lantluft.com\/wp-content\/uploads\/2024\/09\/cafe_12-768x1024.jpg\" data-width=\"768\" data-height=\"1024\" aria-label=\"\" role=\"img\" ><\/div>\n\t\t\t\t\t\t\t\t\t\t\t<div class=\"elementor-gallery-item__overlay\"><\/div>\n\t\t\t\t\t\t\t\t\t\t\t\t\t\t<\/a>\n\t\t\t\t\t\t\t<a class=\"e-gallery-item elementor-gallery-item elementor-animated-content\" href=\"https:\/\/www.lantluft.com\/wp-content\/uploads\/2024\/09\/cafe_13.jpg\" data-elementor-open-lightbox=\"yes\" data-elementor-lightbox-slideshow=\"17767ac\" data-e-action-hash=\"#elementor-action%3Aaction%3Dlightbox%26settings%3DeyJpZCI6OTU5LCJ1cmwiOiJodHRwczpcL1wvd3d3LmxhbnRsdWZ0LmNvbVwvd3AtY29udGVudFwvdXBsb2Fkc1wvMjAyNFwvMDlcL2NhZmVfMTMuanBnIiwic2xpZGVzaG93IjoiMTc3NjdhYyJ9\">\n\t\t\t\t\t<div class=\"e-gallery-image elementor-gallery-item__image\" data-thumbnail=\"https:\/\/www.lantluft.com\/wp-content\/uploads\/2024\/09\/cafe_13-768x1024.jpg\" data-width=\"768\" data-height=\"1024\" aria-label=\"\" role=\"img\" ><\/div>\n\t\t\t\t\t\t\t\t\t\t\t<div class=\"elementor-gallery-item__overlay\"><\/div>\n\t\t\t\t\t\t\t\t\t\t\t\t\t\t<\/a>\n\t\t\t\t\t\t\t<a class=\"e-gallery-item elementor-gallery-item elementor-animated-content\" href=\"https:\/\/www.lantluft.com\/wp-content\/uploads\/2024\/09\/cafe_14.jpg\" data-elementor-open-lightbox=\"yes\" data-elementor-lightbox-slideshow=\"17767ac\" data-e-action-hash=\"#elementor-action%3Aaction%3Dlightbox%26settings%3DeyJpZCI6OTYyLCJ1cmwiOiJodHRwczpcL1wvd3d3LmxhbnRsdWZ0LmNvbVwvd3AtY29udGVudFwvdXBsb2Fkc1wvMjAyNFwvMDlcL2NhZmVfMTQuanBnIiwic2xpZGVzaG93IjoiMTc3NjdhYyJ9\">\n\t\t\t\t\t<div class=\"e-gallery-image elementor-gallery-item__image\" data-thumbnail=\"https:\/\/www.lantluft.com\/wp-content\/uploads\/2024\/09\/cafe_14-768x1024.jpg\" data-width=\"768\" data-height=\"1024\" aria-label=\"\" role=\"img\" ><\/div>\n\t\t\t\t\t\t\t\t\t\t\t<div class=\"elementor-gallery-item__overlay\"><\/div>\n\t\t\t\t\t\t\t\t\t\t\t\t\t\t<\/a>\n\t\t\t\t\t\t\t<a class=\"e-gallery-item elementor-gallery-item elementor-animated-content\" href=\"https:\/\/www.lantluft.com\/wp-content\/uploads\/2024\/09\/cafe_15.jpg\" data-elementor-open-lightbox=\"yes\" data-elementor-lightbox-slideshow=\"17767ac\" data-e-action-hash=\"#elementor-action%3Aaction%3Dlightbox%26settings%3DeyJpZCI6OTY1LCJ1cmwiOiJodHRwczpcL1wvd3d3LmxhbnRsdWZ0LmNvbVwvd3AtY29udGVudFwvdXBsb2Fkc1wvMjAyNFwvMDlcL2NhZmVfMTUuanBnIiwic2xpZGVzaG93IjoiMTc3NjdhYyJ9\">\n\t\t\t\t\t<div class=\"e-gallery-image elementor-gallery-item__image\" data-thumbnail=\"https:\/\/www.lantluft.com\/wp-content\/uploads\/2024\/09\/cafe_15-768x1024.jpg\" data-width=\"768\" data-height=\"1024\" aria-label=\"\" role=\"img\" ><\/div>\n\t\t\t\t\t\t\t\t\t\t\t<div class=\"elementor-gallery-item__overlay\"><\/div>\n\t\t\t\t\t\t\t\t\t\t\t\t\t\t<\/a>\n\t\t\t\t\t\t\t<a class=\"e-gallery-item elementor-gallery-item elementor-animated-content\" href=\"https:\/\/www.lantluft.com\/wp-content\/uploads\/2024\/09\/ostkaka_cafe.jpg\" data-elementor-open-lightbox=\"yes\" data-elementor-lightbox-slideshow=\"17767ac\" data-e-action-hash=\"#elementor-action%3Aaction%3Dlightbox%26settings%3DeyJpZCI6MTAzOCwidXJsIjoiaHR0cHM6XC9cL3d3dy5sYW50bHVmdC5jb21cL3dwLWNvbnRlbnRcL3VwbG9hZHNcLzIwMjRcLzA5XC9vc3RrYWthX2NhZmUuanBnIiwic2xpZGVzaG93IjoiMTc3NjdhYyJ9\">\n\t\t\t\t\t<div class=\"e-gallery-image elementor-gallery-item__image\" data-thumbnail=\"https:\/\/www.lantluft.com\/wp-content\/uploads\/2024\/09\/ostkaka_cafe.jpg\" data-width=\"800\" data-height=\"800\" aria-label=\"\" role=\"img\" ><\/div>\n\t\t\t\t\t\t\t\t\t\t\t<div class=\"elementor-gallery-item__overlay\"><\/div>\n\t\t\t\t\t\t\t\t\t\t\t\t\t\t<\/a>\n\t\t\t\t\t\t\t<a class=\"e-gallery-item elementor-gallery-item elementor-animated-content\" href=\"https:\/\/www.lantluft.com\/wp-content\/uploads\/2024\/09\/cafe01.jpg\" data-elementor-open-lightbox=\"yes\" data-elementor-lightbox-slideshow=\"17767ac\" data-e-action-hash=\"#elementor-action%3Aaction%3Dlightbox%26settings%3DeyJpZCI6MTMzOCwidXJsIjoiaHR0cHM6XC9cL3d3dy5sYW50bHVmdC5jb21cL3dwLWNvbnRlbnRcL3VwbG9hZHNcLzIwMjRcLzA5XC9jYWZlMDEuanBnIiwic2xpZGVzaG93IjoiMTc3NjdhYyJ9\">\n\t\t\t\t\t<div class=\"e-gallery-image elementor-gallery-item__image\" data-thumbnail=\"https:\/\/www.lantluft.com\/wp-content\/uploads\/2024\/09\/cafe01-768x1024.jpg\" data-width=\"768\" data-height=\"1024\" aria-label=\"\" role=\"img\" ><\/div>\n\t\t\t\t\t\t\t\t\t\t\t<div class=\"elementor-gallery-item__overlay\"><\/div>\n\t\t\t\t\t\t\t\t\t\t\t\t\t\t<\/a>\n\t\t\t\t\t\t\t<a class=\"e-gallery-item elementor-gallery-item elementor-animated-content\" href=\"https:\/\/www.lantluft.com\/wp-content\/uploads\/2024\/09\/cafe_04-1.jpg\" data-elementor-open-lightbox=\"yes\" data-elementor-lightbox-slideshow=\"17767ac\" data-e-action-hash=\"#elementor-action%3Aaction%3Dlightbox%26settings%3DeyJpZCI6MTM0MSwidXJsIjoiaHR0cHM6XC9cL3d3dy5sYW50bHVmdC5jb21cL3dwLWNvbnRlbnRcL3VwbG9hZHNcLzIwMjRcLzA5XC9jYWZlXzA0LTEuanBnIiwic2xpZGVzaG93IjoiMTc3NjdhYyJ9\">\n\t\t\t\t\t<div class=\"e-gallery-image elementor-gallery-item__image\" data-thumbnail=\"https:\/\/www.lantluft.com\/wp-content\/uploads\/2024\/09\/cafe_04-1-1024x768.jpg\" data-width=\"800\" data-height=\"600\" aria-label=\"\" role=\"img\" ><\/div>\n\t\t\t\t\t\t\t\t\t\t\t<div class=\"elementor-gallery-item__overlay\"><\/div>\n\t\t\t\t\t\t\t\t\t\t\t\t\t\t<\/a>\n\t\t\t\t\t\t\t<a class=\"e-gallery-item elementor-gallery-item elementor-animated-content\" href=\"https:\/\/www.lantluft.com\/wp-content\/uploads\/2024\/09\/cafe_03-1.jpg\" data-elementor-open-lightbox=\"yes\" data-elementor-lightbox-slideshow=\"17767ac\" data-e-action-hash=\"#elementor-action%3Aaction%3Dlightbox%26settings%3DeyJpZCI6MTM0NCwidXJsIjoiaHR0cHM6XC9cL3d3dy5sYW50bHVmdC5jb21cL3dwLWNvbnRlbnRcL3VwbG9hZHNcLzIwMjRcLzA5XC9jYWZlXzAzLTEuanBnIiwic2xpZGVzaG93IjoiMTc3NjdhYyJ9\">\n\t\t\t\t\t<div class=\"e-gallery-image elementor-gallery-item__image\" data-thumbnail=\"https:\/\/www.lantluft.com\/wp-content\/uploads\/2024\/09\/cafe_03-1-768x1024.jpg\" data-width=\"768\" data-height=\"1024\" aria-label=\"\" role=\"img\" ><\/div>\n\t\t\t\t\t\t\t\t\t\t\t<div class=\"elementor-gallery-item__overlay\"><\/div>\n\t\t\t\t\t\t\t\t\t\t\t\t\t\t<\/a>\n\t\t\t\t\t\t\t<a class=\"e-gallery-item elementor-gallery-item elementor-animated-content\" href=\"https:\/\/www.lantluft.com\/wp-content\/uploads\/2024\/09\/cafe_02-1.jpg\" data-elementor-open-lightbox=\"yes\" data-elementor-lightbox-slideshow=\"17767ac\" data-e-action-hash=\"#elementor-action%3Aaction%3Dlightbox%26settings%3DeyJpZCI6MTM0NywidXJsIjoiaHR0cHM6XC9cL3d3dy5sYW50bHVmdC5jb21cL3dwLWNvbnRlbnRcL3VwbG9hZHNcLzIwMjRcLzA5XC9jYWZlXzAyLTEuanBnIiwic2xpZGVzaG93IjoiMTc3NjdhYyJ9\">\n\t\t\t\t\t<div class=\"e-gallery-image elementor-gallery-item__image\" data-thumbnail=\"https:\/\/www.lantluft.com\/wp-content\/uploads\/2024\/09\/cafe_02-1-768x1024.jpg\" data-width=\"768\" data-height=\"1024\" aria-label=\"\" role=\"img\" ><\/div>\n\t\t\t\t\t\t\t\t\t\t\t<div class=\"elementor-gallery-item__overlay\"><\/div>\n\t\t\t\t\t\t\t\t\t\t\t\t\t\t<\/a>\n\t\t\t\t\t<\/div>\n\t\t\t\t\t<\/div>\n\t\t\t\t<\/div>\n\t\t\t\t<\/div>\n\t\t\t\t\t<\/div>\n\t\t\t\t<\/div>\n\t\t<div class=\"elementor-element elementor-element-2a3034e e-flex e-con-boxed e-con e-parent\" data-id=\"2a3034e\" data-element_type=\"container\" data-e-type=\"container\">\n\t\t\t\t\t<div class=\"e-con-inner\">\n\t\t\t\t<div class=\"elementor-element elementor-element-8c9d387 elementor-widget elementor-widget-video\" data-id=\"8c9d387\" data-element_type=\"widget\" data-e-type=\"widget\" data-settings=\"{&quot;youtube_url&quot;:&quot;https:\\\/\\\/www.youtube.com\\\/watch?v=_Kvs_tfCzp8&quot;,&quot;video_type&quot;:&quot;youtube&quot;,&quot;controls&quot;:&quot;yes&quot;}\" data-widget_type=\"video.default\">\n\t\t\t\t<div class=\"elementor-widget-container\">\n\t\t\t\t\t\t\t<div class=\"elementor-wrapper elementor-open-inline\">\n\t\t\t<div class=\"elementor-video\"><\/div>\t\t<\/div>\n\t\t\t\t\t\t<\/div>\n\t\t\t\t<\/div>\n\t\t\t\t\t<\/div>\n\t\t\t\t<\/div>\n\t\t\t\t<\/div>\n\t\t","protected":false},"excerpt":{"rendered":"<p>Caf\u00e9 In unserem Caf\u00e9 servieren wir lokale und lokal produzierte Speisen. Alles, was wir haben, wird so weit wie m\u00f6glich von Grund auf neu hergestellt. Wir verwenden die am Hof [&hellip;]<\/p>\n","protected":false},"author":1,"featured_media":0,"parent":0,"menu_order":0,"comment_status":"closed","ping_status":"closed","template":"","meta":{"_acf_changed":false,"footnotes":""},"class_list":["post-585","page","type-page","status-publish","hentry"],"acf":[],"_links":{"self":[{"href":"https:\/\/www.lantluft.com\/de\/wp-json\/wp\/v2\/pages\/585","targetHints":{"allow":["GET"]}}],"collection":[{"href":"https:\/\/www.lantluft.com\/de\/wp-json\/wp\/v2\/pages"}],"about":[{"href":"https:\/\/www.lantluft.com\/de\/wp-json\/wp\/v2\/types\/page"}],"author":[{"embeddable":true,"href":"https:\/\/www.lantluft.com\/de\/wp-json\/wp\/v2\/users\/1"}],"replies":[{"embeddable":true,"href":"https:\/\/www.lantluft.com\/de\/wp-json\/wp\/v2\/comments?post=585"}],"version-history":[{"count":5,"href":"https:\/\/www.lantluft.com\/de\/wp-json\/wp\/v2\/pages\/585\/revisions"}],"predecessor-version":[{"id":1670,"href":"https:\/\/www.lantluft.com\/de\/wp-json\/wp\/v2\/pages\/585\/revisions\/1670"}],"wp:attachment":[{"href":"https:\/\/www.lantluft.com\/de\/wp-json\/wp\/v2\/media?parent=585"}],"curies":[{"name":"wp","href":"https:\/\/api.w.org\/{rel}","templated":true}]}}