{"id":603,"date":"2024-08-26T07:53:44","date_gmt":"2024-08-26T05:53:44","guid":{"rendered":"http:\/\/lantluft24.alterwarp.web4u.nu\/?page_id=603"},"modified":"2024-10-04T11:47:50","modified_gmt":"2024-10-04T09:47:50","slug":"konferenz","status":"publish","type":"page","link":"https:\/\/www.lantluft.com\/de\/konferenz\/","title":{"rendered":"Konferenz"},"content":{"rendered":"\t\t<div data-elementor-type=\"wp-page\" data-elementor-id=\"603\" class=\"elementor elementor-603 elementor-490\" data-elementor-post-type=\"page\">\n\t\t\t\t<div class=\"elementor-element elementor-element-d4eefde e-flex e-con-boxed e-con e-parent\" data-id=\"d4eefde\" data-element_type=\"container\" data-e-type=\"container\">\n\t\t\t\t\t<div class=\"e-con-inner\">\n\t\t\t\t<div class=\"elementor-element elementor-element-d12b0ad elementor-widget elementor-widget-image\" data-id=\"d12b0ad\" data-element_type=\"widget\" data-e-type=\"widget\" data-widget_type=\"image.default\">\n\t\t\t\t<div class=\"elementor-widget-container\">\n\t\t\t\t\t\t\t\t\t\t\t\t\t\t\t<img fetchpriority=\"high\" decoding=\"async\" width=\"1920\" height=\"900\" src=\"https:\/\/www.lantluft.com\/wp-content\/uploads\/2024\/09\/konferens.jpg\" class=\"attachment-full size-full wp-image-1049\" alt=\"\" srcset=\"https:\/\/www.lantluft.com\/wp-content\/uploads\/2024\/09\/konferens.jpg 1920w, https:\/\/www.lantluft.com\/wp-content\/uploads\/2024\/09\/konferens-300x141.jpg 300w, https:\/\/www.lantluft.com\/wp-content\/uploads\/2024\/09\/konferens-1024x480.jpg 1024w, https:\/\/www.lantluft.com\/wp-content\/uploads\/2024\/09\/konferens-768x360.jpg 768w, https:\/\/www.lantluft.com\/wp-content\/uploads\/2024\/09\/konferens-1536x720.jpg 1536w\" sizes=\"(max-width: 1920px) 100vw, 1920px\" \/>\t\t\t\t\t\t\t\t\t\t\t\t\t\t\t<\/div>\n\t\t\t\t<\/div>\n\t\t\t\t\t<\/div>\n\t\t\t\t<\/div>\n\t\t<div class=\"elementor-element elementor-element-da54be6 e-flex e-con-boxed e-con e-parent\" data-id=\"da54be6\" data-element_type=\"container\" data-e-type=\"container\">\n\t\t\t\t\t<div class=\"e-con-inner\">\n\t\t<div class=\"elementor-element elementor-element-a0f20c5 e-con-full e-flex e-con e-child\" data-id=\"a0f20c5\" data-element_type=\"container\" data-e-type=\"container\">\n\t\t\t\t<div class=\"elementor-element elementor-element-1159626 elementor-widget elementor-widget-text-editor\" data-id=\"1159626\" data-element_type=\"widget\" data-e-type=\"widget\" data-widget_type=\"text-editor.default\">\n\t\t\t\t<div class=\"elementor-widget-container\">\n\t\t\t\t\t\t\t\t\t<h1>Konferenz<\/h1><p><strong>Sollten Sie<\/strong><\/p><ul><li>Haben\/veranstalten Sie eine Tagung oder ein Treffen mit mehreren Teilnehmern, wir haben R\u00e4umlichkeiten f\u00fcr Sie<\/li><\/ul><p>Und ich m\u00f6chte nicht kochen. Dann k\u00f6nnen wir Ihnen helfen.<\/p><ul><li>Sandwichkuchen<\/li><li>Kuchen<\/li><li>Gangway<\/li><li>Sandwiches<\/li><li>Bretter<\/li><li>Essen<\/li><li>Geb\u00e4ck<\/li><\/ul><p>Wir passen Ihre Bestellung individuell an. Nehmen Sie also Kontakt zu uns auf und wir helfen Ihnen bestm\u00f6glich bei Ihren W\u00fcnschen weiter.<\/p>\t\t\t\t\t\t\t\t<\/div>\n\t\t\t\t<\/div>\n\t\t\t\t<\/div>\n\t\t<div class=\"elementor-element elementor-element-a7a4b77 e-con-full e-flex e-con e-child\" data-id=\"a7a4b77\" data-element_type=\"container\" data-e-type=\"container\">\n\t\t\t\t<div class=\"elementor-element elementor-element-99caedb elementor-widget elementor-widget-gallery\" data-id=\"99caedb\" data-element_type=\"widget\" data-e-type=\"widget\" data-settings=\"{&quot;columns_tablet&quot;:3,&quot;columns_mobile&quot;:3,&quot;columns&quot;:3,&quot;lazyload&quot;:&quot;yes&quot;,&quot;gallery_layout&quot;:&quot;grid&quot;,&quot;gap&quot;:{&quot;unit&quot;:&quot;px&quot;,&quot;size&quot;:10,&quot;sizes&quot;:[]},&quot;gap_tablet&quot;:{&quot;unit&quot;:&quot;px&quot;,&quot;size&quot;:10,&quot;sizes&quot;:[]},&quot;gap_mobile&quot;:{&quot;unit&quot;:&quot;px&quot;,&quot;size&quot;:10,&quot;sizes&quot;:[]},&quot;link_to&quot;:&quot;file&quot;,&quot;aspect_ratio&quot;:&quot;3:2&quot;,&quot;overlay_background&quot;:&quot;yes&quot;,&quot;content_hover_animation&quot;:&quot;fade-in&quot;}\" data-widget_type=\"gallery.default\">\n\t\t\t\t<div class=\"elementor-widget-container\">\n\t\t\t\t\t\t\t<div class=\"elementor-gallery__container\">\n\t\t\t\t\t\t\t<a class=\"e-gallery-item elementor-gallery-item elementor-animated-content\" href=\"https:\/\/www.lantluft.com\/wp-content\/uploads\/2024\/09\/huset_nere_02.jpg\" data-elementor-open-lightbox=\"yes\" data-elementor-lightbox-slideshow=\"99caedb\" data-e-action-hash=\"#elementor-action%3Aaction%3Dlightbox%26settings%3DeyJpZCI6MTA1MCwidXJsIjoiaHR0cHM6XC9cL3d3dy5sYW50bHVmdC5jb21cL3dwLWNvbnRlbnRcL3VwbG9hZHNcLzIwMjRcLzA5XC9odXNldF9uZXJlXzAyLmpwZyIsInNsaWRlc2hvdyI6Ijk5Y2FlZGIifQ%3D%3D\">\n\t\t\t\t\t<div class=\"e-gallery-image elementor-gallery-item__image\" data-thumbnail=\"https:\/\/www.lantluft.com\/wp-content\/uploads\/2024\/09\/huset_nere_02-768x1024.jpg\" data-width=\"768\" data-height=\"1024\" aria-label=\"\" role=\"img\" ><\/div>\n\t\t\t\t\t\t\t\t\t\t\t<div class=\"elementor-gallery-item__overlay\"><\/div>\n\t\t\t\t\t\t\t\t\t\t\t\t\t\t<\/a>\n\t\t\t\t\t\t\t<a class=\"e-gallery-item elementor-gallery-item elementor-animated-content\" href=\"https:\/\/www.lantluft.com\/wp-content\/uploads\/2024\/09\/huset_nere_03.jpg\" data-elementor-open-lightbox=\"yes\" data-elementor-lightbox-slideshow=\"99caedb\" data-e-action-hash=\"#elementor-action%3Aaction%3Dlightbox%26settings%3DeyJpZCI6MTA1MywidXJsIjoiaHR0cHM6XC9cL3d3dy5sYW50bHVmdC5jb21cL3dwLWNvbnRlbnRcL3VwbG9hZHNcLzIwMjRcLzA5XC9odXNldF9uZXJlXzAzLmpwZyIsInNsaWRlc2hvdyI6Ijk5Y2FlZGIifQ%3D%3D\">\n\t\t\t\t\t<div class=\"e-gallery-image elementor-gallery-item__image\" data-thumbnail=\"https:\/\/www.lantluft.com\/wp-content\/uploads\/2024\/09\/huset_nere_03-768x1024.jpg\" data-width=\"768\" data-height=\"1024\" aria-label=\"\" role=\"img\" ><\/div>\n\t\t\t\t\t\t\t\t\t\t\t<div class=\"elementor-gallery-item__overlay\"><\/div>\n\t\t\t\t\t\t\t\t\t\t\t\t\t\t<\/a>\n\t\t\t\t\t<\/div>\n\t\t\t\t\t<\/div>\n\t\t\t\t<\/div>\n\t\t\t\t<\/div>\n\t\t\t\t\t<\/div>\n\t\t\t\t<\/div>\n\t\t\t\t<\/div>\n\t\t","protected":false},"excerpt":{"rendered":"<p>Konferenz Sollten Sie Haben\/veranstalten Sie eine Tagung oder ein Treffen mit mehreren Teilnehmern, wir haben R\u00e4umlichkeiten f\u00fcr Sie Und ich m\u00f6chte nicht kochen. Dann k\u00f6nnen wir Ihnen helfen. Sandwichkuchen Kuchen [&hellip;]<\/p>\n","protected":false},"author":1,"featured_media":0,"parent":0,"menu_order":0,"comment_status":"closed","ping_status":"closed","template":"","meta":{"_acf_changed":false,"footnotes":""},"class_list":["post-603","page","type-page","status-publish","hentry"],"acf":[],"_links":{"self":[{"href":"https:\/\/www.lantluft.com\/de\/wp-json\/wp\/v2\/pages\/603","targetHints":{"allow":["GET"]}}],"collection":[{"href":"https:\/\/www.lantluft.com\/de\/wp-json\/wp\/v2\/pages"}],"about":[{"href":"https:\/\/www.lantluft.com\/de\/wp-json\/wp\/v2\/types\/page"}],"author":[{"embeddable":true,"href":"https:\/\/www.lantluft.com\/de\/wp-json\/wp\/v2\/users\/1"}],"replies":[{"embeddable":true,"href":"https:\/\/www.lantluft.com\/de\/wp-json\/wp\/v2\/comments?post=603"}],"version-history":[{"count":5,"href":"https:\/\/www.lantluft.com\/de\/wp-json\/wp\/v2\/pages\/603\/revisions"}],"predecessor-version":[{"id":1694,"href":"https:\/\/www.lantluft.com\/de\/wp-json\/wp\/v2\/pages\/603\/revisions\/1694"}],"wp:attachment":[{"href":"https:\/\/www.lantluft.com\/de\/wp-json\/wp\/v2\/media?parent=603"}],"curies":[{"name":"wp","href":"https:\/\/api.w.org\/{rel}","templated":true}]}}