{"id":615,"date":"2024-08-06T09:18:37","date_gmt":"2024-08-06T07:18:37","guid":{"rendered":"http:\/\/lantluft24.alterwarp.web4u.nu\/?page_id=615"},"modified":"2024-10-04T13:14:47","modified_gmt":"2024-10-04T11:14:47","slug":"om-oss","status":"publish","type":"page","link":"https:\/\/www.lantluft.com\/de\/om-oss\/","title":{"rendered":"\u00dcber uns"},"content":{"rendered":"\t\t<div data-elementor-type=\"wp-page\" data-elementor-id=\"615\" class=\"elementor elementor-615 elementor-14\" data-elementor-post-type=\"page\">\n\t\t\t\t<div class=\"elementor-element elementor-element-b13cf95 e-flex e-con-boxed e-con e-parent\" data-id=\"b13cf95\" data-element_type=\"container\" data-e-type=\"container\">\n\t\t\t\t\t<div class=\"e-con-inner\">\n\t\t\t\t<div class=\"elementor-element elementor-element-681d106 elementor-widget elementor-widget-image\" data-id=\"681d106\" data-element_type=\"widget\" data-e-type=\"widget\" data-widget_type=\"image.default\">\n\t\t\t\t<div class=\"elementor-widget-container\">\n\t\t\t\t\t\t\t\t\t\t\t\t\t\t\t<img fetchpriority=\"high\" decoding=\"async\" width=\"1920\" height=\"900\" src=\"https:\/\/www.lantluft.com\/wp-content\/uploads\/2024\/09\/startsidan-1920x900-1.jpg\" class=\"attachment-full size-full wp-image-1028\" alt=\"\" srcset=\"https:\/\/www.lantluft.com\/wp-content\/uploads\/2024\/09\/startsidan-1920x900-1.jpg 1920w, https:\/\/www.lantluft.com\/wp-content\/uploads\/2024\/09\/startsidan-1920x900-1-300x141.jpg 300w, https:\/\/www.lantluft.com\/wp-content\/uploads\/2024\/09\/startsidan-1920x900-1-1024x480.jpg 1024w, https:\/\/www.lantluft.com\/wp-content\/uploads\/2024\/09\/startsidan-1920x900-1-768x360.jpg 768w, https:\/\/www.lantluft.com\/wp-content\/uploads\/2024\/09\/startsidan-1920x900-1-1536x720.jpg 1536w\" sizes=\"(max-width: 1920px) 100vw, 1920px\" \/>\t\t\t\t\t\t\t\t\t\t\t\t\t\t\t<\/div>\n\t\t\t\t<\/div>\n\t\t\t\t\t<\/div>\n\t\t\t\t<\/div>\n\t\t<div class=\"elementor-element elementor-element-bddddfd e-flex e-con-boxed e-con e-parent\" data-id=\"bddddfd\" data-element_type=\"container\" data-e-type=\"container\">\n\t\t\t\t\t<div class=\"e-con-inner\">\n\t\t<div class=\"elementor-element elementor-element-2b901cc e-con-full e-flex e-con e-child\" data-id=\"2b901cc\" data-element_type=\"container\" data-e-type=\"container\">\n\t\t\t\t<div class=\"elementor-element elementor-element-9ae1ba2 elementor-widget elementor-widget-text-editor\" data-id=\"9ae1ba2\" data-element_type=\"widget\" data-e-type=\"widget\" data-widget_type=\"text-editor.default\">\n\t\t\t\t<div class=\"elementor-widget-container\">\n\t\t\t\t\t\t\t\t\t<h1>\u00dcber uns<\/h1><p><strong>Margareta und Mats leiten Lantluft seit 2022, ein Paar mit beiden Beinen auf dem Boden der Tatsachen. Sollten wir nicht da sein, werden Sie wahrscheinlich einen unserer jungen Leute treffen.<\/strong><\/p><p>Als wir Eigent\u00fcmer von Lantluft wurden, stellte sich sp\u00e4ter heraus, dass es sich um einen Familienbauernhof handelte, den wir zur\u00fcckgekauft hatten. Denn hier ist die Mutter von Margaretas Gro\u00dfmutter geboren und aufgewachsen. Auf einer Seite des Backofens ist das Gem\u00e4lde von Gunnar Torhamn gut erhalten. Das hat er in seiner s\u00fc\u00dfen Jugend gemalt, als Dank daf\u00fcr, dass ihm Raum gegeben wurde, als er sich um die einzige Tochter des Bauernhofs k\u00fcmmerte. Und sp\u00e4ter war Oma als Kinderm\u00e4dchen auf dem Bauernhof t\u00e4tig. Seitdem sind viele Gew\u00e4sser unter den Lantluft-Br\u00fccken hindurchgeflossen. Ab heute betreiben wir Caf\u00e9 und Unterkunft, mit hier und wann produzierten Produkten.<\/p>\t\t\t\t\t\t\t\t<\/div>\n\t\t\t\t<\/div>\n\t\t\t\t<\/div>\n\t\t<div class=\"elementor-element elementor-element-64c2e99 e-con-full e-flex e-con e-child\" data-id=\"64c2e99\" data-element_type=\"container\" data-e-type=\"container\">\n\t\t\t\t<div class=\"elementor-element elementor-element-317922f elementor-widget elementor-widget-image\" data-id=\"317922f\" data-element_type=\"widget\" data-e-type=\"widget\" data-widget_type=\"image.default\">\n\t\t\t\t<div class=\"elementor-widget-container\">\n\t\t\t\t\t\t\t\t\t\t\t\t\t\t\t<img decoding=\"async\" width=\"1024\" height=\"907\" src=\"https:\/\/www.lantluft.com\/wp-content\/uploads\/2024\/09\/om_oss_malningen_1024.jpg\" class=\"attachment-full size-full wp-image-1004\" alt=\"\" srcset=\"https:\/\/www.lantluft.com\/wp-content\/uploads\/2024\/09\/om_oss_malningen_1024.jpg 1024w, https:\/\/www.lantluft.com\/wp-content\/uploads\/2024\/09\/om_oss_malningen_1024-300x266.jpg 300w, https:\/\/www.lantluft.com\/wp-content\/uploads\/2024\/09\/om_oss_malningen_1024-768x680.jpg 768w\" sizes=\"(max-width: 1024px) 100vw, 1024px\" \/>\t\t\t\t\t\t\t\t\t\t\t\t\t\t\t<\/div>\n\t\t\t\t<\/div>\n\t\t\t\t<\/div>\n\t\t\t\t\t<\/div>\n\t\t\t\t<\/div>\n\t\t\t\t<\/div>\n\t\t","protected":false},"excerpt":{"rendered":"<p>\u00dcber uns Margareta und Mats leiten Lantluft seit 2022, ein Paar mit beiden Beinen auf dem Boden der Tatsachen. Sollten wir nicht da sein, werden Sie wahrscheinlich einen unserer jungen [&hellip;]<\/p>\n","protected":false},"author":1,"featured_media":0,"parent":0,"menu_order":0,"comment_status":"closed","ping_status":"closed","template":"","meta":{"_acf_changed":false,"footnotes":""},"class_list":["post-615","page","type-page","status-publish","hentry"],"acf":[],"_links":{"self":[{"href":"https:\/\/www.lantluft.com\/de\/wp-json\/wp\/v2\/pages\/615","targetHints":{"allow":["GET"]}}],"collection":[{"href":"https:\/\/www.lantluft.com\/de\/wp-json\/wp\/v2\/pages"}],"about":[{"href":"https:\/\/www.lantluft.com\/de\/wp-json\/wp\/v2\/types\/page"}],"author":[{"embeddable":true,"href":"https:\/\/www.lantluft.com\/de\/wp-json\/wp\/v2\/users\/1"}],"replies":[{"embeddable":true,"href":"https:\/\/www.lantluft.com\/de\/wp-json\/wp\/v2\/comments?post=615"}],"version-history":[{"count":7,"href":"https:\/\/www.lantluft.com\/de\/wp-json\/wp\/v2\/pages\/615\/revisions"}],"predecessor-version":[{"id":1704,"href":"https:\/\/www.lantluft.com\/de\/wp-json\/wp\/v2\/pages\/615\/revisions\/1704"}],"wp:attachment":[{"href":"https:\/\/www.lantluft.com\/de\/wp-json\/wp\/v2\/media?parent=615"}],"curies":[{"name":"wp","href":"https:\/\/api.w.org\/{rel}","templated":true}]}}